{"id":19,"date":"2025-02-01T09:13:31","date_gmt":"2025-02-01T09:13:31","guid":{"rendered":"https:\/\/demo.letoilehotel.com\/?page_id=19"},"modified":"2025-06-16T11:10:45","modified_gmt":"2025-06-16T11:10:45","slug":"surdurulebilirlik","status":"publish","type":"page","link":"https:\/\/letoilehotel.com\/en\/surdurulebilirlik\/","title":{"rendered":"Sustainability"},"content":{"rendered":"<div data-colibri-id=\"19-c1\" class=\"style-1115 style-local-19-c1 position-relative\">\n  <!---->\n  <div data-colibri-component=\"section\" data-colibri-id=\"19-c2\" id=\"custom-2\" class=\"h-section h-section-global-spacing d-flex align-items-lg-center align-items-md-center align-items-center style-1606 style-local-19-c2 position-relative\">\n    <!---->\n    <!---->\n    <div class=\"h-section-grid-container h-section-boxed-container\">\n      <!---->\n      <div data-colibri-id=\"19-c3\" class=\"h-row-container gutters-row-lg-2 gutters-row-md-2 gutters-row-0 gutters-row-v-lg-2 gutters-row-v-md-2 gutters-row-v-2 style-1607 style-local-19-c3 position-relative\">\n        <!---->\n        <div class=\"h-row justify-content-lg-center justify-content-md-center justify-content-center align-items-lg-stretch align-items-md-stretch align-items-stretch gutters-col-lg-2 gutters-col-md-2 gutters-col-0 gutters-col-v-lg-2 gutters-col-v-md-2 gutters-col-v-2\">\n          <!---->\n          <div class=\"h-column h-column-container d-flex h-col-lg-auto h-col-md-auto h-col-auto style-1608-outer style-local-19-c4-outer\">\n            <div data-colibri-id=\"19-c4\" class=\"d-flex h-flex-basis h-column__inner h-px-lg-2 h-px-md-2 h-px-2 v-inner-lg-2 v-inner-md-2 v-inner-2 style-1608 style-local-19-c4 position-relative\">\n              <!---->\n              <!---->\n              <div class=\"w-100 h-y-container h-column__content h-column__v-align flex-basis-100 align-self-lg-start align-self-md-start align-self-start\">\n                <!---->\n                <div data-colibri-id=\"19-c5\" class=\"h-global-transition-all h-heading style-1645 style-local-19-c5 position-relative h-element\">\n                  <!---->\n                  <div class=\"h-heading__outer style-1645 style-local-19-c5\">\n                    <!---->\n                    <!---->\n                    <h3 class=\"\">Sustainability<\/h3>\n                  <\/div>\n                <\/div>\n              <\/div>\n            <\/div>\n          <\/div>\n        <\/div>\n      <\/div>\n    <\/div>\n  <\/div>\n  <div data-colibri-component=\"section\" data-colibri-id=\"19-c6\" id=\"reusable-sections\" class=\"h-section h-section-global-spacing d-flex align-items-lg-center align-items-md-center align-items-center style-1609 style-local-19-c6 position-relative\">\n    <!---->\n    <!---->\n    <div class=\"h-section-grid-container h-section-boxed-container\">\n      <!---->\n      <div data-colibri-id=\"19-c7\" class=\"h-row-container gutters-row-lg-2 gutters-row-md-2 gutters-row-0 gutters-row-v-lg-2 gutters-row-v-md-2 gutters-row-v-2 style-1610 style-local-19-c7 position-relative\">\n        <!---->\n        <div class=\"h-row justify-content-lg-center justify-content-md-center justify-content-center align-items-lg-stretch align-items-md-stretch align-items-stretch gutters-col-lg-2 gutters-col-md-2 gutters-col-0 gutters-col-v-lg-2 gutters-col-v-md-2 gutters-col-v-2\">\n          <!---->\n          <div class=\"h-column h-column-container d-flex h-col-lg-auto h-col-md-auto h-col-auto style-1611-outer style-local-19-c8-outer\">\n            <div data-colibri-id=\"19-c8\" class=\"d-flex h-flex-basis h-column__inner h-px-lg-2 h-px-md-2 h-px-2 v-inner-lg-2 v-inner-md-2 v-inner-2 style-1611 style-local-19-c8 position-relative\">\n              <!---->\n              <!---->\n              <div class=\"w-100 h-y-container h-column__content h-column__v-align flex-basis-100 align-self-lg-start align-self-md-start align-self-start\">\n                <!---->\n                <div data-colibri-id=\"19-c9\" class=\"h-x-container style-1612 style-local-19-c9 position-relative h-element\">\n                  <!---->\n                  <div class=\"h-x-container-inner style-dynamic-19-c9-group style-1612-spacing style-local-19-c9-spacing\"><span class=\"h-button__outer style-1613-outer style-local-19-c10-outer d-inline-flex h-element\"><a h-use-smooth-scroll=\"true\" href=\"https:\/\/letoilehotel.com\/en\/2920-2\/\"  data-colibri-id=\"19-c10\" class=\"d-flex w-100 align-items-center h-button justify-content-lg-center justify-content-md-center justify-content-center style-1613 style-local-19-c10 position-relative\"><!----><!----> <span>   Mission &amp; Vision<\/span><\/a>\n                    <\/span>\n                  <\/div>\n                <\/div>\n                <div data-colibri-id=\"19-c11\" class=\"h-x-container style-1614 style-local-19-c11 position-relative h-element\">\n                  <!---->\n                  <div class=\"h-x-container-inner style-dynamic-19-c11-group style-1614-spacing style-local-19-c11-spacing\"><span class=\"h-button__outer style-1615-outer style-local-19-c12-outer d-inline-flex h-element\"><a h-use-smooth-scroll=\"true\" href=\"https:\/\/letoilehotel.com\/en\/colibri-2889\/\"  data-colibri-id=\"19-c12\" class=\"d-flex w-100 align-items-center h-button justify-content-lg-center justify-content-md-center justify-content-center style-1615 style-local-19-c12 position-relative\"><!----><!----> <span>Sustainability Policy<\/span><\/a>\n                    <\/span>\n                  <\/div>\n                <\/div>\n                <div data-colibri-id=\"19-c13\" class=\"h-x-container style-1616 style-local-19-c13 position-relative h-element\">\n                  <!---->\n                  <div class=\"h-x-container-inner style-dynamic-19-c13-group style-1616-spacing style-local-19-c13-spacing\"><span class=\"h-button__outer style-1617-outer style-local-19-c14-outer d-inline-flex h-element\"><a h-use-smooth-scroll=\"true\" href=\"https:\/\/letoilehotel.com\/en\/colibri-2903\/\"  data-colibri-id=\"19-c14\" class=\"d-flex w-100 align-items-center h-button justify-content-lg-center justify-content-md-center justify-content-center style-1617 style-local-19-c14 position-relative\"><!----><!----> <span>Environmental Protection and Waste Management Policy<\/span><\/a>\n                    <\/span>\n                  <\/div>\n                <\/div>\n                <div data-colibri-id=\"19-c15\" class=\"h-x-container style-1618 style-local-19-c15 position-relative h-element\">\n                  <!---->\n                  <div class=\"h-x-container-inner style-dynamic-19-c15-group style-1618-spacing style-local-19-c15-spacing\"><span class=\"h-button__outer style-1619-outer style-local-19-c16-outer d-inline-flex h-element\"><a h-use-smooth-scroll=\"true\" href=\"https:\/\/letoilehotel.com\/en\/enerji-verimliligi\/\"  data-colibri-id=\"19-c16\" class=\"d-flex w-100 align-items-center h-button justify-content-lg-center justify-content-md-center justify-content-center style-1619 style-local-19-c16 position-relative\"><!----><!----> <span>Energy Efficiency Policy<\/span><\/a>\n                    <\/span>\n                  <\/div>\n                <\/div>\n                <div data-colibri-id=\"19-c17\" class=\"h-x-container style-1620 style-local-19-c17 position-relative h-element\">\n                  <!---->\n                  <div class=\"h-x-container-inner style-dynamic-19-c17-group style-1620-spacing style-local-19-c17-spacing\"><span class=\"h-button__outer style-1621-outer style-local-19-c18-outer d-inline-flex h-element\"><a h-use-smooth-scroll=\"true\" href=\"https:\/\/letoilehotel.com\/en\/3155-2\/\"  data-colibri-id=\"19-c18\" class=\"d-flex w-100 align-items-center h-button justify-content-lg-center justify-content-md-center justify-content-center style-1621 style-local-19-c18 position-relative\"><!----><!----> <span>Sustainable Purchasing Policy<\/span><\/a>\n                    <\/span>\n                  <\/div>\n                <\/div>\n                <div data-colibri-id=\"19-c19\" class=\"h-x-container style-1622 style-local-19-c19 position-relative h-element\">\n                  <!---->\n                  <div class=\"h-x-container-inner style-dynamic-19-c19-group style-1622-spacing style-local-19-c19-spacing\"><span class=\"h-button__outer style-1623-outer style-local-19-c20-outer d-inline-flex h-element\"><a h-use-smooth-scroll=\"true\" href=\"https:\/\/letoilehotel.com\/en\/3173-2\/\"  data-colibri-id=\"19-c20\" class=\"d-flex w-100 align-items-center h-button justify-content-lg-center justify-content-md-center justify-content-center style-1623 style-local-19-c20 position-relative\"><!----><!----> <span>Food Safety Policy<\/span><\/a>\n                    <\/span>\n                  <\/div>\n                <\/div>\n                <div data-colibri-id=\"19-c21\" class=\"h-x-container style-1624 style-local-19-c21 position-relative h-element\">\n                  <!---->\n                  <div class=\"h-x-container-inner style-dynamic-19-c21-group style-1624-spacing style-local-19-c21-spacing\"><span class=\"h-button__outer style-1625-outer style-local-19-c22-outer d-inline-flex h-element\"><a h-use-smooth-scroll=\"true\" href=\"https:\/\/letoilehotel.com\/en\/3178-2\/\"  data-colibri-id=\"19-c22\" class=\"d-flex w-100 align-items-center h-button justify-content-lg-center justify-content-md-center justify-content-center style-1625 style-local-19-c22 position-relative\"><!----><!----> <span>Water Management<\/span><\/a>\n                    <\/span>\n                  <\/div>\n                <\/div>\n                <div data-colibri-id=\"19-c23\" class=\"h-x-container style-1626 style-local-19-c23 position-relative h-element\">\n                  <!---->\n                  <div class=\"h-x-container-inner style-dynamic-19-c23-group style-1626-spacing style-local-19-c23-spacing\"><span class=\"h-button__outer style-1627-outer style-local-19-c24-outer d-inline-flex h-element\"><a h-use-smooth-scroll=\"true\" href=\"https:\/\/letoilehotel.com\/en\/3187-2\/\"  data-colibri-id=\"19-c24\" class=\"d-flex w-100 align-items-center h-button justify-content-lg-center justify-content-md-center justify-content-center style-1627 style-local-19-c24 position-relative\"><!----><!----> <span>Human Rights Policy<\/span><\/a>\n                    <\/span>\n                  <\/div>\n                <\/div>\n                <div data-colibri-id=\"19-c25\" class=\"h-x-container style-1628 style-local-19-c25 position-relative h-element\">\n                  <!---->\n                  <div class=\"h-x-container-inner style-dynamic-19-c25-group style-1628-spacing style-local-19-c25-spacing\"><span class=\"h-button__outer style-1629-outer style-local-19-c26-outer d-inline-flex h-element\"><a h-use-smooth-scroll=\"true\" href=\"https:\/\/letoilehotel.com\/en\/3197-2\/\"  data-colibri-id=\"19-c26\" class=\"d-flex w-100 align-items-center h-button justify-content-lg-center justify-content-md-center justify-content-center style-1629 style-local-19-c26 position-relative\"><!----><!----> <span>Occupational Health and Safety Policy<\/span><\/a>\n                    <\/span>\n                  <\/div>\n                <\/div>\n                <div data-colibri-id=\"19-c27\" class=\"h-x-container style-1630 style-local-19-c27 position-relative h-element\">\n                  <!---->\n                  <div class=\"h-x-container-inner style-dynamic-19-c27-group style-1630-spacing style-local-19-c27-spacing\"><span class=\"h-button__outer style-1631-outer style-local-19-c28-outer d-inline-flex h-element\"><a h-use-smooth-scroll=\"true\" href=\"https:\/\/letoilehotel.com\/en\/3207-2\/\"  data-colibri-id=\"19-c28\" class=\"d-flex w-100 align-items-center h-button justify-content-lg-center justify-content-md-center justify-content-center style-1631 style-local-19-c28 position-relative\"><!----><!----> <span>Social Responsibility Policy<\/span><\/a>\n                    <\/span>\n                  <\/div>\n                <\/div>\n                <div data-colibri-id=\"19-c29\" class=\"h-x-container style-1632 style-local-19-c29 position-relative h-element\">\n                  <!---->\n                  <div class=\"h-x-container-inner style-dynamic-19-c29-group style-1632-spacing style-local-19-c29-spacing\"><span class=\"h-button__outer style-1633-outer style-local-19-c30-outer d-inline-flex h-element\"><a h-use-smooth-scroll=\"true\" href=\"https:\/\/letoilehotel.com\/en\/3217-2\/\"  data-colibri-id=\"19-c30\" class=\"d-flex w-100 align-items-center h-button justify-content-lg-center justify-content-md-center justify-content-center style-1633 style-local-19-c30 position-relative\"><!----><!----> <span>Our Social Responsibility Projects<\/span><\/a>\n                    <\/span>\n                  <\/div>\n                <\/div>\n                <div data-colibri-id=\"19-c31\" class=\"h-x-container style-1634 style-local-19-c31 position-relative h-element\">\n                  <!---->\n                  <div class=\"h-x-container-inner style-dynamic-19-c31-group style-1634-spacing style-local-19-c31-spacing\"><span class=\"h-button__outer style-1635-outer style-local-19-c32-outer d-inline-flex h-element\"><a h-use-smooth-scroll=\"true\" href=\"https:\/\/letoilehotel.com\/en\/3227-2\/\"  data-colibri-id=\"19-c32\" class=\"d-flex w-100 align-items-center h-button justify-content-lg-center justify-content-md-center justify-content-center style-1635 style-local-19-c32 position-relative\"><!----><!----> <span>Children's Rights Policy<\/span><\/a>\n                    <\/span>\n                  <\/div>\n                <\/div>\n                <div data-colibri-id=\"19-c33\" class=\"h-x-container style-1636 style-local-19-c33 position-relative h-element\">\n                  <!---->\n                  <div class=\"h-x-container-inner style-dynamic-19-c33-group style-1636-spacing style-local-19-c33-spacing\"><span class=\"h-button__outer style-1637-outer style-local-19-c34-outer d-inline-flex h-element\"><a h-use-smooth-scroll=\"true\" href=\"https:\/\/letoilehotel.com\/en\/3237-2\/\"  data-colibri-id=\"19-c34\" class=\"d-flex w-100 align-items-center h-button justify-content-lg-center justify-content-md-center justify-content-center style-1637 style-local-19-c34 position-relative\"><!----><!----> <span>Chemical Use<\/span><\/a>\n                    <\/span>\n                  <\/div>\n                <\/div>\n                <div data-colibri-id=\"19-c35\" class=\"h-x-container style-1638 style-local-19-c35 position-relative h-element\">\n                  <!---->\n                  <div class=\"h-x-container-inner style-dynamic-19-c35-group style-1638-spacing style-local-19-c35-spacing\"><span class=\"h-button__outer style-1639-outer style-local-19-c36-outer d-inline-flex h-element\"><a h-use-smooth-scroll=\"true\" href=\"https:\/\/letoilehotel.com\/en\/3247-2\/\"  data-colibri-id=\"19-c36\" class=\"d-flex w-100 align-items-center h-button justify-content-lg-center justify-content-md-center justify-content-center style-1639 style-local-19-c36 position-relative\"><!----><!----> <span>Our Carbon Emission Policy<\/span><\/a>\n                    <\/span>\n                  <\/div>\n                <\/div>\n                <div data-colibri-id=\"19-c37\" class=\"h-x-container style-1640 style-local-19-c37 position-relative h-element\">\n                  <!---->\n                  <div class=\"h-x-container-inner style-dynamic-19-c37-group style-1640-spacing style-local-19-c37-spacing\"><span class=\"h-button__outer style-1641-outer style-local-19-c38-outer d-inline-flex h-element\"><a h-use-smooth-scroll=\"true\" href=\"https:\/\/letoilehotel.com\/en\/3257-2\/\"  data-colibri-id=\"19-c38\" class=\"d-flex w-100 align-items-center h-button justify-content-lg-center justify-content-md-center justify-content-center style-1641 style-local-19-c38 position-relative\"><!----><!----> <span>Our Cookie Policy<\/span><\/a>\n                    <\/span>\n                  <\/div>\n                <\/div>\n                <div data-colibri-id=\"19-c39\" class=\"h-x-container style-1642 style-local-19-c39 position-relative h-element\">\n                  <!---->\n                  <div class=\"h-x-container-inner style-dynamic-19-c39-group style-1642-spacing style-local-19-c39-spacing\"><span class=\"h-button__outer style-1643-outer style-local-19-c40-outer d-inline-flex h-element\"><a h-use-smooth-scroll=\"true\" href=\"https:\/\/letoilehotel.com\/en\/3267-2\/\"  data-colibri-id=\"19-c40\" class=\"d-flex w-100 align-items-center h-button justify-content-lg-center justify-content-md-center justify-content-center style-1643 style-local-19-c40 position-relative\"><!----><!----> <span>Marmaris Geographical Indications<\/span><\/a>\n                    <\/span>\n                  <\/div>\n                <\/div>\n              <\/div>\n            <\/div>\n          <\/div>\n          <div class=\"h-column h-column-container d-flex h-col-lg-auto h-col-md-auto h-col-auto style-1644-outer style-local-19-c41-outer\">\n            <div data-colibri-id=\"19-c41\" class=\"d-flex h-flex-basis h-column__inner h-px-lg-2 h-px-md-2 h-px-2 v-inner-lg-2 v-inner-md-2 v-inner-2 style-1644 style-local-19-c41 position-relative\">\n              <!---->\n              <!---->\n              <div class=\"w-100 h-y-container h-column__content h-column__v-align flex-basis-100 align-self-lg-start align-self-md-start align-self-start\">\n                <!---->\n                <div data-colibri-id=\"19-c42\" class=\"d-block style-1646 style-local-19-c42 position-relative h-element\">\n                  <!---->\n                  <div class=\"h-image__frame-container-outer\">\n                    <div class=\"h-image__frame-container\">\n                      <!---->\n                      <!---->\n                      <img loading=\"lazy\" decoding=\"async\" width=\"1275\" height=\"1650\" src=\"https:\/\/letoilehotel.com\/wp-content\/uploads\/2025\/06\/LETOILE-OTEL-2.-Asama-Belgesi_EN-2_page-0001.jpg\" class=\"wp-image-5836 style-1646-image style-local-19-c42-image\" alt=\"\" srcset=\"https:\/\/letoilehotel.com\/wp-content\/uploads\/2025\/06\/LETOILE-OTEL-2.-Asama-Belgesi_EN-2_page-0001.jpg 1240w, https:\/\/letoilehotel.com\/wp-content\/uploads\/2025\/06\/LETOILE-OTEL-2.-Asama-Belgesi_EN-2_page-0001-212x300.jpg 212w, https:\/\/letoilehotel.com\/wp-content\/uploads\/2025\/06\/LETOILE-OTEL-2.-Asama-Belgesi_EN-2_page-0001-724x1024.jpg 724w, https:\/\/letoilehotel.com\/wp-content\/uploads\/2025\/06\/LETOILE-OTEL-2.-Asama-Belgesi_EN-2_page-0001-768x1087.jpg 768w, https:\/\/letoilehotel.com\/wp-content\/uploads\/2025\/06\/LETOILE-OTEL-2.-Asama-Belgesi_EN-2_page-0001-1085x1536.jpg 1085w, https:\/\/letoilehotel.com\/wp-content\/uploads\/2025\/06\/LETOILE-OTEL-2.-Asama-Belgesi_EN-2_page-0001-8x12.jpg 8w\" sizes=\"auto, (max-width: 1275px) 100vw, 1275px\" \/>\n                      <div class=\"h-image__frame h-hide-lg h-hide-md h-hide-sm style-1646-frameImage style-local-19-c42-frameImage\"><\/div>\n                    <\/div>\n                  <\/div>\n                <\/div>\n              <\/div>\n            <\/div>\n          <\/div>\n        <\/div>\n      <\/div>\n    <\/div>\n  <\/div>\n  <div data-colibri-component=\"section\" data-colibri-id=\"19-c43\" id=\"reusable-sections-2\" class=\"h-section h-section-global-spacing d-flex align-items-lg-center align-items-md-center align-items-center style-2867 style-local-19-c43 position-relative\">\n    <!---->\n    <!---->\n    <div class=\"h-section-grid-container h-section-boxed-container\">\n      <!---->\n      <div data-colibri-id=\"19-c44\" class=\"h-row-container gutters-row-lg-2 gutters-row-md-2 gutters-row-0 gutters-row-v-lg-2 gutters-row-v-md-2 gutters-row-v-2 style-2868 style-local-19-c44 position-relative\">\n        <!---->\n        <div class=\"h-row justify-content-lg-start justify-content-md-start justify-content-start align-items-lg-stretch align-items-md-stretch align-items-stretch gutters-col-lg-2 gutters-col-md-2 gutters-col-0 gutters-col-v-lg-2 gutters-col-v-md-2 gutters-col-v-2\">\n          <!---->\n          <div class=\"h-column h-column-container d-flex h-col-lg-auto h-col-md-auto h-col-auto style-2869-outer style-local-19-c45-outer\">\n            <div data-colibri-id=\"19-c45\" class=\"d-flex h-flex-basis h-column__inner h-px-lg-2 h-px-md-2 h-px-2 v-inner-lg-2 v-inner-md-2 v-inner-2 style-2869 style-local-19-c45 position-relative\">\n              <!---->\n              <!---->\n              <div class=\"w-100 h-y-container h-column__content h-column__v-align flex-basis-100 align-self-lg-start align-self-md-start align-self-start\">\n                <!---->\n                <div data-colibri-id=\"19-c46\" class=\"h-x-container style-2870 style-local-19-c46 position-relative h-element\">\n                  <!---->\n                  <div class=\"h-x-container-inner style-dynamic-19-c46-group style-2870-spacing style-local-19-c46-spacing\"><span class=\"h-link__outer style-2871-outer style-local-19-c47-outer d-inline-flex h-element\"><a h-use-smooth-scroll=\"true\" href=\"https:\/\/esiventure.com.tr\/\"  data-colibri-id=\"19-c47\" class=\"d-flex w-100 align-items-center h-link style-2871 style-local-19-c47 position-relative\"><!----><!----> <span>2025 All Reserved.Esi Venture<\/span><\/a>\n                    <\/span>\n                  <\/div>\n                <\/div>\n              <\/div>\n            <\/div>\n          <\/div>\n          <div class=\"h-column h-column-container d-flex h-col-lg-auto h-col-md-auto h-col-auto style-2872-outer style-local-19-c48-outer\">\n            <div data-colibri-id=\"19-c48\" class=\"d-flex h-flex-basis h-column__inner h-px-lg-2 h-px-md-2 h-px-2 v-inner-lg-2 v-inner-md-2 v-inner-2 style-2872 style-local-19-c48 position-relative\">\n              <!---->\n              <!---->\n              <div class=\"w-100 h-y-container h-column__content h-column__v-align flex-basis-100 align-self-lg-start align-self-md-start align-self-start\">\n                <!---->\n                <div data-colibri-id=\"19-c49\" class=\"h-x-container style-2873 style-local-19-c49 position-relative h-element\">\n                  <!---->\n                  <div class=\"h-x-container-inner style-dynamic-19-c49-group style-2873-spacing style-local-19-c49-spacing\"><span class=\"h-button__outer style-2874-outer style-local-19-c50-outer d-inline-flex h-element\"><a h-use-smooth-scroll=\"true\" href=\"tel:+90-252-321-0930\"  data-colibri-id=\"19-c50\" class=\"d-flex w-100 align-items-center h-button justify-content-lg-center justify-content-md-center justify-content-center style-2874 style-local-19-c50 position-relative\"><!----><!----> <span>Information and Reservation : +90 252 321 09 30<\/span><\/a>\n                    <\/span>\n                  <\/div>\n                <\/div>\n              <\/div>\n            <\/div>\n          <\/div>\n        <\/div>\n      <\/div>\n    <\/div>\n  <\/div>\n<\/div>","protected":false},"excerpt":{"rendered":"<p>S\u00fcrd\u00fcr\u00fclebilirlik Misyon &amp; Vizyon S\u00fcrd\u00fcr\u00fclebilirlik politikas\u0131 \u00c7EVRE KORUMA VE ATIK Y\u00d6NET\u0130M\u0130 POL\u0130T\u0130KASI Enerji Verimlili\u011fi Politikas\u0131 S\u00dcRD\u00dcR\u00dcLEB\u0130L\u0130R SATIN ALMA POL\u0130T\u0130KASI GIDA G\u00dcVENL\u0130\u011e\u0130 POL\u0130T\u0130KASI SU Y\u00d6NET\u0130M\u0130 \u0130NSAN HAKLARI POL\u0130T\u0130KASI \u0130\u015e SA\u011eLI\u011eI VE G\u00dcVENL\u0130\u011e\u0130 POL\u0130T\u0130KASI SOSYAL SORUMLULUK POL\u0130T\u0130KASI SOSYAL SORUMLULUK PROJELER\u0130M\u0130Z \u00c7OCUK HAKLARI POL\u0130T\u0130KASI K\u0130MYASAL KULLANIMI KARBON SALINIM POL\u0130T\u0130KAMIZ \u00c7EVRE POL\u0130T\u0130KAMIZ MARMAR\u0130S CO\u011eRAF\u0130 \u0130\u015eARETLER \u00a9 2025 T\u00fcm haklar\u0131 [&hellip;]<\/p>","protected":false},"author":1,"featured_media":0,"parent":0,"menu_order":0,"comment_status":"closed","ping_status":"closed","template":"page-templates\/full-width-page.php","meta":{"footnotes":""},"class_list":["post-19","page","type-page","status-publish","hentry"],"_links":{"self":[{"href":"https:\/\/letoilehotel.com\/en\/wp-json\/wp\/v2\/pages\/19","targetHints":{"allow":["GET"]}}],"collection":[{"href":"https:\/\/letoilehotel.com\/en\/wp-json\/wp\/v2\/pages"}],"about":[{"href":"https:\/\/letoilehotel.com\/en\/wp-json\/wp\/v2\/types\/page"}],"author":[{"embeddable":true,"href":"https:\/\/letoilehotel.com\/en\/wp-json\/wp\/v2\/users\/1"}],"replies":[{"embeddable":true,"href":"https:\/\/letoilehotel.com\/en\/wp-json\/wp\/v2\/comments?post=19"}],"version-history":[{"count":20,"href":"https:\/\/letoilehotel.com\/en\/wp-json\/wp\/v2\/pages\/19\/revisions"}],"predecessor-version":[{"id":5846,"href":"https:\/\/letoilehotel.com\/en\/wp-json\/wp\/v2\/pages\/19\/revisions\/5846"}],"wp:attachment":[{"href":"https:\/\/letoilehotel.com\/en\/wp-json\/wp\/v2\/media?parent=19"}],"curies":[{"name":"wp","href":"https:\/\/api.w.org\/{rel}","templated":true}]}}