{"id":2,"date":"2025-01-27T10:17:26","date_gmt":"2025-01-27T10:17:26","guid":{"rendered":"https:\/\/demo.letoilehotel.com\/?page_id=2"},"modified":"2025-02-04T22:27:41","modified_gmt":"2025-02-04T22:27:41","slug":"sample-page","status":"publish","type":"page","link":"https:\/\/letoilehotel.com\/en\/sample-page\/","title":{"rendered":""},"content":{"rendered":"<p>[rl_gallery id=&#8221;416&#8243;]<\/p>\n\n\n\n<p><\/p>\n\n\n\n<p>Tesis : Tesiste a la carte restaurant, 3 adet bar, y\u00fczme havuzu, \u00e7ocuk havuzu, \u00e7ocuk oyun yeri, tv salonu, 2 adet engelli odas\u0131 mevcuttur.<\/p>\n\n\n\n<p>Odalar : T\u00fcm odalarda split klima, tv, televizyon, minibar, balkon, kasa, du\u015fa kabin, f\u00f6n bulunmaktad\u0131r, zemin parkedir.<\/p>\n\n\n\n<p>Odalarda Frenchbed ve twinbed mevcuttur. Yiyecek &amp; \u0130\u00e7ecek : Her\u015fey Dahil Sabah, \u00f6\u011fle ve ak\u015fam yemekleri a\u00e7\u0131k b\u00fcfe, Snack, Gece \u00e7orbas\u0131, Pastane ve Dondurma servisi mevcuttur.&nbsp;<\/p>\n\n\n\n<p>Spor &amp; Animasyon &amp; Aktivite : Soft animasyon. Animasyon ekibi 2 ki\u015fiden olu\u015fup ingilizce dili kullan\u0131l\u0131r. Animasyon showlar\u0131 havuz ba\u015f\u0131nda yap\u0131l\u0131r. Canl\u0131 m\u00fczik vard\u0131r. T\u00fcrk Hamam\u0131, Sauna, Tekerlekli sandalye, fitness center, bilardo, masa tenisi gibi aktivitelerde hotelimiz i\u00e7erisinde bulunmaktad\u0131r.&nbsp;<\/p>\n\n\n\n<p>\u00dccretsiz Wifi ve \u00dccretsiz kasa hizmetimiz vard\u0131r.<\/p>\n\n\n\n<p>Beach towel service with deposit<\/p>\n\n\n\n<p>\u00dcCRETL\u0130 H\u0130ZMETLER\u0130M\u0130Z : Masaj, Kuaf\u00f6r, Kuru temizleme, Doktor<\/p>\n\n\n\n<p>Tesisimizde otopark ve vale servimiz yoktur.<\/p>\n\n\n\n<p>\u00c7\u00f6lyak (&nbsp; Gluten free )&nbsp; m\u00f6n\u00fcm\u00fcz yoktur.<\/p>\n\n\n\n<p>Tesisimizde \u00f6\u011fle ve ak\u015fam yeme\u011finde KIYAFET KURALI uygulan\u0131r. Bikini-mayo ve \u0131slak k\u0131yafetler ile salon giri\u015fi yasakt\u0131r.<br><br>A la carte restoran kullanacak misafirler i\u00e7in indirim uygulan\u0131yor. A la carte restoranda sadece \u00fccretli hizmet al\u0131n\u0131yor.\u00dccretsiz servis her\u015fey dahil konseptinde sadece otel i\u00e7i lobi-restoran ( kapal\u0131-a\u00e7\u0131k ) ve havuz ba\u015f\u0131nda veriliyor.<\/p>\n\n\n\n<p><\/p>","protected":false},"excerpt":{"rendered":"<p>[rl_gallery id=&#8221;416&#8243;] Tesis : Tesiste a la carte restaurant, 3 adet bar, y\u00fczme havuzu, \u00e7ocuk havuzu, \u00e7ocuk oyun yeri, tv salonu, 2 adet engelli odas\u0131 mevcuttur. Odalar : T\u00fcm odalarda split klima, tv, televizyon, minibar, balkon, kasa, du\u015fa kabin, f\u00f6n bulunmaktad\u0131r, zemin parkedir. Odalarda Frenchbed ve twinbed mevcuttur. Yiyecek &amp; \u0130\u00e7ecek : Her\u015fey Dahil Sabah, [&hellip;]<\/p>","protected":false},"author":1,"featured_media":0,"parent":0,"menu_order":0,"comment_status":"closed","ping_status":"open","template":"","meta":{"footnotes":""},"class_list":["post-2","page","type-page","status-publish","hentry"],"_links":{"self":[{"href":"https:\/\/letoilehotel.com\/en\/wp-json\/wp\/v2\/pages\/2","targetHints":{"allow":["GET"]}}],"collection":[{"href":"https:\/\/letoilehotel.com\/en\/wp-json\/wp\/v2\/pages"}],"about":[{"href":"https:\/\/letoilehotel.com\/en\/wp-json\/wp\/v2\/types\/page"}],"author":[{"embeddable":true,"href":"https:\/\/letoilehotel.com\/en\/wp-json\/wp\/v2\/users\/1"}],"replies":[{"embeddable":true,"href":"https:\/\/letoilehotel.com\/en\/wp-json\/wp\/v2\/comments?post=2"}],"version-history":[{"count":7,"href":"https:\/\/letoilehotel.com\/en\/wp-json\/wp\/v2\/pages\/2\/revisions"}],"predecessor-version":[{"id":425,"href":"https:\/\/letoilehotel.com\/en\/wp-json\/wp\/v2\/pages\/2\/revisions\/425"}],"wp:attachment":[{"href":"https:\/\/letoilehotel.com\/en\/wp-json\/wp\/v2\/media?parent=2"}],"curies":[{"name":"wp","href":"https:\/\/api.w.org\/{rel}","templated":true}]}}