{"id":2920,"date":"2025-02-08T13:39:12","date_gmt":"2025-02-08T13:39:12","guid":{"rendered":"https:\/\/demo.letoilehotel.com\/?page_id=2920"},"modified":"2025-03-05T21:39:25","modified_gmt":"2025-03-05T21:39:25","slug":"2920-2","status":"publish","type":"page","link":"https:\/\/letoilehotel.com\/en\/2920-2\/","title":{"rendered":""},"content":{"rendered":"<div data-colibri-id=\"2920-c1\" class=\"style-1762 style-local-2920-c1 position-relative\">\n  <!---->\n  <div data-colibri-component=\"section\" data-colibri-id=\"2920-c2\" id=\"reusable-sections\" class=\"h-section h-section-global-spacing d-flex align-items-lg-center align-items-md-center align-items-center style-1767 style-local-2920-c2 position-relative\">\n    <!---->\n    <!---->\n    <div class=\"h-section-grid-container h-section-boxed-container\">\n      <!---->\n      <div data-colibri-id=\"2920-c3\" class=\"h-row-container gutters-row-lg-2 gutters-row-md-2 gutters-row-0 gutters-row-v-lg-2 gutters-row-v-md-2 gutters-row-v-2 style-1768 style-local-2920-c3 position-relative\">\n        <!---->\n        <div class=\"h-row justify-content-lg-center justify-content-md-center justify-content-center align-items-lg-stretch align-items-md-stretch align-items-stretch gutters-col-lg-2 gutters-col-md-2 gutters-col-0 gutters-col-v-lg-2 gutters-col-v-md-2 gutters-col-v-2\">\n          <!---->\n          <div class=\"h-column h-column-container d-flex h-col-lg-auto h-col-md-auto h-col-auto style-1769-outer style-local-2920-c4-outer\">\n            <div data-colibri-id=\"2920-c4\" class=\"d-flex h-flex-basis h-column__inner h-px-lg-2 h-px-md-2 h-px-2 v-inner-lg-2 v-inner-md-2 v-inner-2 style-1769 style-local-2920-c4 position-relative\">\n              <!---->\n              <!---->\n              <div class=\"w-100 h-y-container h-column__content h-column__v-align flex-basis-100 align-self-lg-start align-self-md-start align-self-start\">\n                <!---->\n                <div data-colibri-id=\"2920-c5\" class=\"h-global-transition-all h-heading style-1770 style-local-2920-c5 position-relative h-element\">\n                  <!---->\n                  <div class=\"h-heading__outer style-1770 style-local-2920-c5\">\n                    <!---->\n                    <!---->\n                    <h3 class=\"\">L&#8217;etoile Beach Hotel Misyon &amp; Vizyon<\/h3>\n                  <\/div>\n                <\/div>\n              <\/div>\n            <\/div>\n          <\/div>\n        <\/div>\n      <\/div>\n    <\/div>\n  <\/div>\n  <div data-colibri-component=\"section\" data-colibri-id=\"2920-c6\" id=\"reusable-sections-2\" class=\"h-section h-section-global-spacing d-flex align-items-lg-center align-items-md-center align-items-center style-1847 style-local-2920-c6 position-relative\">\n    <!---->\n    <!---->\n    <div class=\"h-section-grid-container h-section-boxed-container\">\n      <!---->\n      <div data-colibri-id=\"2920-c7\" class=\"h-row-container gutters-row-lg-2 gutters-row-md-2 gutters-row-0 gutters-row-v-lg-2 gutters-row-v-md-2 gutters-row-v-2 style-1848 style-local-2920-c7 position-relative\">\n        <!---->\n        <div class=\"h-row justify-content-lg-center justify-content-md-center justify-content-center align-items-lg-stretch align-items-md-stretch align-items-stretch gutters-col-lg-2 gutters-col-md-2 gutters-col-0 gutters-col-v-lg-2 gutters-col-v-md-2 gutters-col-v-2\">\n          <!---->\n          <div class=\"h-column h-column-container d-flex h-col-lg-auto h-col-md-auto h-col-auto style-1849-outer style-local-2920-c8-outer\">\n            <div data-colibri-id=\"2920-c8\" class=\"d-flex h-flex-basis h-column__inner h-px-lg-2 h-px-md-2 h-px-2 v-inner-lg-2 v-inner-md-2 v-inner-2 style-1849 style-local-2920-c8 position-relative\">\n              <!---->\n              <!---->\n              <div class=\"w-100 h-y-container h-column__content h-column__v-align flex-basis-100 align-self-lg-start align-self-md-start align-self-start\">\n                <!---->\n                <div data-colibri-id=\"2920-c9\" class=\"h-x-container style-1850 style-local-2920-c9 position-relative h-element\">\n                  <!---->\n                  <div class=\"h-x-container-inner style-dynamic-2920-c9-group style-1850-spacing style-local-2920-c9-spacing\"><span class=\"h-button__outer style-1851-outer style-local-2920-c10-outer d-inline-flex h-element\"><a h-use-smooth-scroll=\"true\" href=\"https:\/\/letoilehotel.com\/en\/2920-2\/\"  data-colibri-id=\"2920-c10\" class=\"d-flex w-100 align-items-center h-button justify-content-lg-center justify-content-md-center justify-content-center style-1851 style-local-2920-c10 position-relative\"><!----><!----> <span>   Mission &amp; Vision<\/span><\/a>\n                    <\/span>\n                  <\/div>\n                <\/div>\n                <div data-colibri-id=\"2920-c11\" class=\"h-x-container style-1852 style-local-2920-c11 position-relative h-element\">\n                  <!---->\n                  <div class=\"h-x-container-inner style-dynamic-2920-c11-group style-1852-spacing style-local-2920-c11-spacing\"><span class=\"h-button__outer style-1853-outer style-local-2920-c12-outer d-inline-flex h-element\"><a h-use-smooth-scroll=\"true\" href=\"https:\/\/letoilehotel.com\/en\/colibri-2889\/\"  data-colibri-id=\"2920-c12\" class=\"d-flex w-100 align-items-center h-button justify-content-lg-center justify-content-md-center justify-content-center style-1853 style-local-2920-c12 position-relative\"><!----><!----> <span>Sustainability Policy<\/span><\/a>\n                    <\/span>\n                  <\/div>\n                <\/div>\n                <div data-colibri-id=\"2920-c13\" class=\"h-x-container style-1854 style-local-2920-c13 position-relative h-element\">\n                  <!---->\n                  <div class=\"h-x-container-inner style-dynamic-2920-c13-group style-1854-spacing style-local-2920-c13-spacing\"><span class=\"h-button__outer style-1855-outer style-local-2920-c14-outer d-inline-flex h-element\"><a h-use-smooth-scroll=\"true\" href=\"https:\/\/letoilehotel.com\/en\/colibri-2903\/\"  data-colibri-id=\"2920-c14\" class=\"d-flex w-100 align-items-center h-button justify-content-lg-center justify-content-md-center justify-content-center style-1855 style-local-2920-c14 position-relative\"><!----><!----> <span>Environmental Protection and Waste Management Policy<\/span><\/a>\n                    <\/span>\n                  <\/div>\n                <\/div>\n                <div data-colibri-id=\"2920-c15\" class=\"h-x-container style-1856 style-local-2920-c15 position-relative h-element\">\n                  <!---->\n                  <div class=\"h-x-container-inner style-dynamic-2920-c15-group style-1856-spacing style-local-2920-c15-spacing\"><span class=\"h-button__outer style-1857-outer style-local-2920-c16-outer d-inline-flex h-element\"><a h-use-smooth-scroll=\"true\" href=\"https:\/\/letoilehotel.com\/en\/enerji-verimliligi\/\"  data-colibri-id=\"2920-c16\" class=\"d-flex w-100 align-items-center h-button justify-content-lg-center justify-content-md-center justify-content-center style-1857 style-local-2920-c16 position-relative\"><!----><!----> <span>Energy Efficiency Policy<\/span><\/a>\n                    <\/span>\n                  <\/div>\n                <\/div>\n                <div data-colibri-id=\"2920-c17\" class=\"h-x-container style-1858 style-local-2920-c17 position-relative h-element\">\n                  <!---->\n                  <div class=\"h-x-container-inner style-dynamic-2920-c17-group style-1858-spacing style-local-2920-c17-spacing\"><span class=\"h-button__outer style-1859-outer style-local-2920-c18-outer d-inline-flex h-element\"><a h-use-smooth-scroll=\"true\" href=\"https:\/\/letoilehotel.com\/en\/3155-2\/\"  data-colibri-id=\"2920-c18\" class=\"d-flex w-100 align-items-center h-button justify-content-lg-center justify-content-md-center justify-content-center style-1859 style-local-2920-c18 position-relative\"><!----><!----> <span>Sustainable Purchasing Policy<\/span><\/a>\n                    <\/span>\n                  <\/div>\n                <\/div>\n                <div data-colibri-id=\"2920-c19\" class=\"h-x-container style-1860 style-local-2920-c19 position-relative h-element\">\n                  <!---->\n                  <div class=\"h-x-container-inner style-dynamic-2920-c19-group style-1860-spacing style-local-2920-c19-spacing\"><span class=\"h-button__outer style-1861-outer style-local-2920-c20-outer d-inline-flex h-element\"><a h-use-smooth-scroll=\"true\" href=\"https:\/\/letoilehotel.com\/en\/3173-2\/\"  data-colibri-id=\"2920-c20\" class=\"d-flex w-100 align-items-center h-button justify-content-lg-center justify-content-md-center justify-content-center style-1861 style-local-2920-c20 position-relative\"><!----><!----> <span>Food Safety Policy<\/span><\/a>\n                    <\/span>\n                  <\/div>\n                <\/div>\n                <div data-colibri-id=\"2920-c21\" class=\"h-x-container style-1862 style-local-2920-c21 position-relative h-element\">\n                  <!---->\n                  <div class=\"h-x-container-inner style-dynamic-2920-c21-group style-1862-spacing style-local-2920-c21-spacing\"><span class=\"h-button__outer style-1863-outer style-local-2920-c22-outer d-inline-flex h-element\"><a h-use-smooth-scroll=\"true\" href=\"https:\/\/letoilehotel.com\/en\/3178-2\/\"  data-colibri-id=\"2920-c22\" class=\"d-flex w-100 align-items-center h-button justify-content-lg-center justify-content-md-center justify-content-center style-1863 style-local-2920-c22 position-relative\"><!----><!----> <span>Water Management<\/span><\/a>\n                    <\/span>\n                  <\/div>\n                <\/div>\n                <div data-colibri-id=\"2920-c23\" class=\"h-x-container style-1864 style-local-2920-c23 position-relative h-element\">\n                  <!---->\n                  <div class=\"h-x-container-inner style-dynamic-2920-c23-group style-1864-spacing style-local-2920-c23-spacing\"><span class=\"h-button__outer style-1865-outer style-local-2920-c24-outer d-inline-flex h-element\"><a h-use-smooth-scroll=\"true\" href=\"https:\/\/letoilehotel.com\/en\/3187-2\/\"  data-colibri-id=\"2920-c24\" class=\"d-flex w-100 align-items-center h-button justify-content-lg-center justify-content-md-center justify-content-center style-1865 style-local-2920-c24 position-relative\"><!----><!----> <span>Human Rights Policy<\/span><\/a>\n                    <\/span>\n                  <\/div>\n                <\/div>\n                <div data-colibri-id=\"2920-c25\" class=\"h-x-container style-1866 style-local-2920-c25 position-relative h-element\">\n                  <!---->\n                  <div class=\"h-x-container-inner style-dynamic-2920-c25-group style-1866-spacing style-local-2920-c25-spacing\"><span class=\"h-button__outer style-1867-outer style-local-2920-c26-outer d-inline-flex h-element\"><a h-use-smooth-scroll=\"true\" href=\"https:\/\/letoilehotel.com\/en\/3197-2\/\"  data-colibri-id=\"2920-c26\" class=\"d-flex w-100 align-items-center h-button justify-content-lg-center justify-content-md-center justify-content-center style-1867 style-local-2920-c26 position-relative\"><!----><!----> <span>Occupational Health and Safety Policy<\/span><\/a>\n                    <\/span>\n                  <\/div>\n                <\/div>\n                <div data-colibri-id=\"2920-c27\" class=\"h-x-container style-1868 style-local-2920-c27 position-relative h-element\">\n                  <!---->\n                  <div class=\"h-x-container-inner style-dynamic-2920-c27-group style-1868-spacing style-local-2920-c27-spacing\"><span class=\"h-button__outer style-1869-outer style-local-2920-c28-outer d-inline-flex h-element\"><a h-use-smooth-scroll=\"true\" href=\"https:\/\/letoilehotel.com\/en\/3207-2\/\"  data-colibri-id=\"2920-c28\" class=\"d-flex w-100 align-items-center h-button justify-content-lg-center justify-content-md-center justify-content-center style-1869 style-local-2920-c28 position-relative\"><!----><!----> <span>Social Responsibility Policy<\/span><\/a>\n                    <\/span>\n                  <\/div>\n                <\/div>\n                <div data-colibri-id=\"2920-c29\" class=\"h-x-container style-1870 style-local-2920-c29 position-relative h-element\">\n                  <!---->\n                  <div class=\"h-x-container-inner style-dynamic-2920-c29-group style-1870-spacing style-local-2920-c29-spacing\"><span class=\"h-button__outer style-1871-outer style-local-2920-c30-outer d-inline-flex h-element\"><a h-use-smooth-scroll=\"true\" href=\"https:\/\/letoilehotel.com\/en\/3217-2\/\"  data-colibri-id=\"2920-c30\" class=\"d-flex w-100 align-items-center h-button justify-content-lg-center justify-content-md-center justify-content-center style-1871 style-local-2920-c30 position-relative\"><!----><!----> <span>Our Social Responsibility Projects<\/span><\/a>\n                    <\/span>\n                  <\/div>\n                <\/div>\n                <div data-colibri-id=\"2920-c31\" class=\"h-x-container style-1872 style-local-2920-c31 position-relative h-element\">\n                  <!---->\n                  <div class=\"h-x-container-inner style-dynamic-2920-c31-group style-1872-spacing style-local-2920-c31-spacing\"><span class=\"h-button__outer style-1873-outer style-local-2920-c32-outer d-inline-flex h-element\"><a h-use-smooth-scroll=\"true\" href=\"https:\/\/letoilehotel.com\/en\/3227-2\/\"  data-colibri-id=\"2920-c32\" class=\"d-flex w-100 align-items-center h-button justify-content-lg-center justify-content-md-center justify-content-center style-1873 style-local-2920-c32 position-relative\"><!----><!----> <span>Children's Rights Policy<\/span><\/a>\n                    <\/span>\n                  <\/div>\n                <\/div>\n                <div data-colibri-id=\"2920-c33\" class=\"h-x-container style-1874 style-local-2920-c33 position-relative h-element\">\n                  <!---->\n                  <div class=\"h-x-container-inner style-dynamic-2920-c33-group style-1874-spacing style-local-2920-c33-spacing\"><span class=\"h-button__outer style-1875-outer style-local-2920-c34-outer d-inline-flex h-element\"><a h-use-smooth-scroll=\"true\" href=\"https:\/\/letoilehotel.com\/en\/3237-2\/\"  data-colibri-id=\"2920-c34\" class=\"d-flex w-100 align-items-center h-button justify-content-lg-center justify-content-md-center justify-content-center style-1875 style-local-2920-c34 position-relative\"><!----><!----> <span>Chemical Use<\/span><\/a>\n                    <\/span>\n                  <\/div>\n                <\/div>\n                <div data-colibri-id=\"2920-c35\" class=\"h-x-container style-1876 style-local-2920-c35 position-relative h-element\">\n                  <!---->\n                  <div class=\"h-x-container-inner style-dynamic-2920-c35-group style-1876-spacing style-local-2920-c35-spacing\"><span class=\"h-button__outer style-1877-outer style-local-2920-c36-outer d-inline-flex h-element\"><a h-use-smooth-scroll=\"true\" href=\"https:\/\/letoilehotel.com\/en\/3247-2\/\"  data-colibri-id=\"2920-c36\" class=\"d-flex w-100 align-items-center h-button justify-content-lg-center justify-content-md-center justify-content-center style-1877 style-local-2920-c36 position-relative\"><!----><!----> <span>Our Carbon Emission Policy<\/span><\/a>\n                    <\/span>\n                  <\/div>\n                <\/div>\n                <div data-colibri-id=\"2920-c37\" class=\"h-x-container style-1878 style-local-2920-c37 position-relative h-element\">\n                  <!---->\n                  <div class=\"h-x-container-inner style-dynamic-2920-c37-group style-1878-spacing style-local-2920-c37-spacing\"><span class=\"h-button__outer style-1879-outer style-local-2920-c38-outer d-inline-flex h-element\"><a h-use-smooth-scroll=\"true\" href=\"https:\/\/letoilehotel.com\/en\/3257-2\/\"  data-colibri-id=\"2920-c38\" class=\"d-flex w-100 align-items-center h-button justify-content-lg-center justify-content-md-center justify-content-center style-1879 style-local-2920-c38 position-relative\"><!----><!----> <span>Our Cookie Policy<\/span><\/a>\n                    <\/span>\n                  <\/div>\n                <\/div>\n                <div data-colibri-id=\"2920-c39\" class=\"h-x-container style-1880 style-local-2920-c39 position-relative h-element\">\n                  <!---->\n                  <div class=\"h-x-container-inner style-dynamic-2920-c39-group style-1880-spacing style-local-2920-c39-spacing\"><span class=\"h-button__outer style-1881-outer style-local-2920-c40-outer d-inline-flex h-element\"><a h-use-smooth-scroll=\"true\" href=\"https:\/\/letoilehotel.com\/en\/3267-2\/\"  data-colibri-id=\"2920-c40\" class=\"d-flex w-100 align-items-center h-button justify-content-lg-center justify-content-md-center justify-content-center style-1881 style-local-2920-c40 position-relative\"><!----><!----> <span>Marmaris Geographical Indications<\/span><\/a>\n                    <\/span>\n                  <\/div>\n                <\/div>\n              <\/div>\n            <\/div>\n          <\/div>\n          <div class=\"h-column h-column-container d-flex h-col-lg-auto h-col-md-auto h-col-auto style-1882-outer style-local-2920-c41-outer\">\n            <div data-colibri-id=\"2920-c41\" class=\"d-flex h-flex-basis h-column__inner h-px-lg-2 h-px-md-2 h-px-2 v-inner-lg-2 v-inner-md-2 v-inner-2 style-1882 style-local-2920-c41 position-relative\">\n              <!---->\n              <!---->\n              <div class=\"w-100 h-y-container h-column__content h-column__v-align flex-basis-100 align-self-lg-start align-self-md-start align-self-start\">\n                <!---->\n                <div data-colibri-id=\"2920-c42\" class=\"h-text h-text-component style-2641 style-local-2920-c42 position-relative h-element\">\n                  <!---->\n                  <!---->\n                  <div class=\"\">\n                    <p>As Letoile Hotel, we aim to minimize the environmental impact of tourism. In this regard, we aim to share the development we have achieved with our management, employees, guests, suppliers and all other partners, and thus increase the awareness we will create at this point and transform it into common goals and successes. <\/p>\n                    <p>L&#8217;ETO\u0130LE&nbsp;BEACH HOTEL Ailesi Olarak;<\/p>\n                    <p>Our Mission<\/p>\n                    <p>We continue our work by adopting the principles of superior quality and service understanding that we offer to our guests, sustaining natural life, preserving cultural values, providing quality service with hospitable and friendly staff and adopting sustainable tourism policies.<\/p>\n                    <p>Our Vision<\/p>\n                    <p>We aim to be a brand that keeps guest and employee satisfaction at the highest level, aims to highlight superior service quality, and protects cultural values. We aim to be a reliable hotel in the sector with sustainable tourism. We work for sustainable tourism with the products we prefer and the approaches we exhibit.<\/p>\n                  <\/div>\n                <\/div>\n              <\/div>\n            <\/div>\n          <\/div>\n        <\/div>\n      <\/div>\n    <\/div>\n  <\/div>\n  <div data-colibri-component=\"section\" data-colibri-id=\"2920-c43\" id=\"reusable-sections-3\" class=\"h-section h-section-global-spacing d-flex align-items-lg-center align-items-md-center align-items-center style-2945 style-local-2920-c43 position-relative\">\n    <!---->\n    <!---->\n    <div class=\"h-section-grid-container h-section-boxed-container\">\n      <!---->\n      <div data-colibri-id=\"2920-c44\" class=\"h-row-container gutters-row-lg-2 gutters-row-md-2 gutters-row-0 gutters-row-v-lg-2 gutters-row-v-md-2 gutters-row-v-2 style-2946 style-local-2920-c44 position-relative\">\n        <!---->\n        <div class=\"h-row justify-content-lg-start justify-content-md-start justify-content-start align-items-lg-stretch align-items-md-stretch align-items-stretch gutters-col-lg-2 gutters-col-md-2 gutters-col-0 gutters-col-v-lg-2 gutters-col-v-md-2 gutters-col-v-2\">\n          <!---->\n          <div class=\"h-column h-column-container d-flex h-col-lg-auto h-col-md-auto h-col-auto style-2947-outer style-local-2920-c45-outer\">\n            <div data-colibri-id=\"2920-c45\" class=\"d-flex h-flex-basis h-column__inner h-px-lg-2 h-px-md-2 h-px-2 v-inner-lg-2 v-inner-md-2 v-inner-2 style-2947 style-local-2920-c45 position-relative\">\n              <!---->\n              <!---->\n              <div class=\"w-100 h-y-container h-column__content h-column__v-align flex-basis-100 align-self-lg-start align-self-md-start align-self-start\">\n                <!---->\n                <div data-colibri-id=\"2920-c46\" class=\"h-x-container style-2948 style-local-2920-c46 position-relative h-element\">\n                  <!---->\n                  <div class=\"h-x-container-inner style-dynamic-2920-c46-group style-2948-spacing style-local-2920-c46-spacing\"><span class=\"h-link__outer style-2949-outer style-local-2920-c47-outer d-inline-flex h-element\"><a h-use-smooth-scroll=\"true\" href=\"https:\/\/esiventure.com.tr\/\"  data-colibri-id=\"2920-c47\" class=\"d-flex w-100 align-items-center h-link style-2949 style-local-2920-c47 position-relative\"><!----><!----> <span>2025 All Reserved.Esi Venture<\/span><\/a>\n                    <\/span>\n                  <\/div>\n                <\/div>\n              <\/div>\n            <\/div>\n          <\/div>\n          <div class=\"h-column h-column-container d-flex h-col-lg-auto h-col-md-auto h-col-auto style-2950-outer style-local-2920-c48-outer\">\n            <div data-colibri-id=\"2920-c48\" class=\"d-flex h-flex-basis h-column__inner h-px-lg-2 h-px-md-2 h-px-2 v-inner-lg-2 v-inner-md-2 v-inner-2 style-2950 style-local-2920-c48 position-relative\">\n              <!---->\n              <!---->\n              <div class=\"w-100 h-y-container h-column__content h-column__v-align flex-basis-100 align-self-lg-start align-self-md-start align-self-start\">\n                <!---->\n                <div data-colibri-id=\"2920-c49\" class=\"h-x-container style-2951 style-local-2920-c49 position-relative h-element\">\n                  <!---->\n                  <div class=\"h-x-container-inner style-dynamic-2920-c49-group style-2951-spacing style-local-2920-c49-spacing\"><span class=\"h-button__outer style-2952-outer style-local-2920-c50-outer d-inline-flex h-element\"><a h-use-smooth-scroll=\"true\" href=\"tel:+90-252-321-0930\"  data-colibri-id=\"2920-c50\" class=\"d-flex w-100 align-items-center h-button justify-content-lg-center justify-content-md-center justify-content-center style-2952 style-local-2920-c50 position-relative\"><!----><!----> <span>Information and Reservation : +90 252 321 09 30<\/span><\/a>\n                    <\/span>\n                  <\/div>\n                <\/div>\n              <\/div>\n            <\/div>\n          <\/div>\n        <\/div>\n      <\/div>\n    <\/div>\n  <\/div>\n<\/div>","protected":false},"excerpt":{"rendered":"<p>L&#8217;etoile Beach Hotel Misyon &amp; Vizyon Misyon &amp; Vizyon S\u00fcrd\u00fcr\u00fclebilirlik politikas\u0131 \u00c7EVRE KORUMA VE ATIK Y\u00d6NET\u0130M\u0130 POL\u0130T\u0130KASI Enerji Verimlili\u011fi Politikas\u0131 S\u00dcRD\u00dcR\u00dcLEB\u0130L\u0130R SATIN ALMA POL\u0130T\u0130KASI GIDA G\u00dcVENL\u0130\u011e\u0130 POL\u0130T\u0130KASI SU Y\u00d6NET\u0130M\u0130 \u0130NSAN HAKLARI POL\u0130T\u0130KASI \u0130\u015e SA\u011eLI\u011eI VE G\u00dcVENL\u0130\u011e\u0130 POL\u0130T\u0130KASI SOSYAL SORUMLULUK POL\u0130T\u0130KASI SOSYAL SORUMLULUK PROJELER\u0130M\u0130Z \u00c7OCUK HAKLARI POL\u0130T\u0130KASI K\u0130MYASAL KULLANIMI KARBON SALINIM POL\u0130T\u0130KAMIZ \u00c7EVRE POL\u0130T\u0130KAMIZ MARMAR\u0130S CO\u011eRAF\u0130 [&hellip;]<\/p>","protected":false},"author":1,"featured_media":0,"parent":0,"menu_order":0,"comment_status":"closed","ping_status":"closed","template":"page-templates\/full-width-page.php","meta":{"footnotes":""},"class_list":["post-2920","page","type-page","status-publish","hentry"],"_links":{"self":[{"href":"https:\/\/letoilehotel.com\/en\/wp-json\/wp\/v2\/pages\/2920","targetHints":{"allow":["GET"]}}],"collection":[{"href":"https:\/\/letoilehotel.com\/en\/wp-json\/wp\/v2\/pages"}],"about":[{"href":"https:\/\/letoilehotel.com\/en\/wp-json\/wp\/v2\/types\/page"}],"author":[{"embeddable":true,"href":"https:\/\/letoilehotel.com\/en\/wp-json\/wp\/v2\/users\/1"}],"replies":[{"embeddable":true,"href":"https:\/\/letoilehotel.com\/en\/wp-json\/wp\/v2\/comments?post=2920"}],"version-history":[{"count":20,"href":"https:\/\/letoilehotel.com\/en\/wp-json\/wp\/v2\/pages\/2920\/revisions"}],"predecessor-version":[{"id":5640,"href":"https:\/\/letoilehotel.com\/en\/wp-json\/wp\/v2\/pages\/2920\/revisions\/5640"}],"wp:attachment":[{"href":"https:\/\/letoilehotel.com\/en\/wp-json\/wp\/v2\/media?parent=2920"}],"curies":[{"name":"wp","href":"https:\/\/api.w.org\/{rel}","templated":true}]}}