{"id":3173,"date":"2025-02-08T15:19:21","date_gmt":"2025-02-08T15:19:21","guid":{"rendered":"https:\/\/demo.letoilehotel.com\/?page_id=3173"},"modified":"2025-03-05T21:47:14","modified_gmt":"2025-03-05T21:47:14","slug":"3173-2","status":"publish","type":"page","link":"https:\/\/letoilehotel.com\/en\/3173-2\/","title":{"rendered":""},"content":{"rendered":"<div data-colibri-id=\"3173-c1\" class=\"style-2091 style-local-3173-c1 position-relative\">\n  <!---->\n  <div data-colibri-component=\"section\" data-colibri-id=\"3173-c2\" id=\"reusable-sections\" class=\"h-section h-section-global-spacing d-flex align-items-lg-center align-items-md-center align-items-center style-2096 style-local-3173-c2 position-relative\">\n    <!---->\n    <!---->\n    <div class=\"h-section-grid-container h-section-boxed-container\">\n      <!---->\n      <div data-colibri-id=\"3173-c3\" class=\"h-row-container gutters-row-lg-2 gutters-row-md-2 gutters-row-0 gutters-row-v-lg-2 gutters-row-v-md-2 gutters-row-v-2 style-2097 style-local-3173-c3 position-relative\">\n        <!---->\n        <div class=\"h-row justify-content-lg-center justify-content-md-center justify-content-center align-items-lg-stretch align-items-md-stretch align-items-stretch gutters-col-lg-2 gutters-col-md-2 gutters-col-0 gutters-col-v-lg-2 gutters-col-v-md-2 gutters-col-v-2\">\n          <!---->\n          <div class=\"h-column h-column-container d-flex h-col-lg-auto h-col-md-auto h-col-auto style-2098-outer style-local-3173-c4-outer\">\n            <div data-colibri-id=\"3173-c4\" class=\"d-flex h-flex-basis h-column__inner h-px-lg-2 h-px-md-2 h-px-2 v-inner-lg-2 v-inner-md-2 v-inner-2 style-2098 style-local-3173-c4 position-relative\">\n              <!---->\n              <!---->\n              <div class=\"w-100 h-y-container h-column__content h-column__v-align flex-basis-100 align-self-lg-start align-self-md-start align-self-start\">\n                <!---->\n                <div data-colibri-id=\"3173-c5\" class=\"h-global-transition-all h-heading style-2099 style-local-3173-c5 position-relative h-element\">\n                  <!---->\n                  <div class=\"h-heading__outer style-2099 style-local-3173-c5\">\n                    <!---->\n                    <!---->\n                    <h3 class=\"\">Food Safety Policy<\/h3>\n                  <\/div>\n                <\/div>\n              <\/div>\n            <\/div>\n          <\/div>\n        <\/div>\n      <\/div>\n    <\/div>\n  <\/div>\n  <div data-colibri-component=\"section\" data-colibri-id=\"3173-c6\" id=\"reusable-sections-2\" class=\"h-section h-section-global-spacing d-flex align-items-lg-center align-items-md-center align-items-center style-2100 style-local-3173-c6 position-relative\">\n    <!---->\n    <!---->\n    <div class=\"h-section-grid-container h-section-boxed-container\">\n      <!---->\n      <div data-colibri-id=\"3173-c7\" class=\"h-row-container gutters-row-lg-2 gutters-row-md-2 gutters-row-0 gutters-row-v-lg-2 gutters-row-v-md-2 gutters-row-v-2 style-2101 style-local-3173-c7 position-relative\">\n        <!---->\n        <div class=\"h-row justify-content-lg-center justify-content-md-center justify-content-center align-items-lg-stretch align-items-md-stretch align-items-stretch gutters-col-lg-2 gutters-col-md-2 gutters-col-0 gutters-col-v-lg-2 gutters-col-v-md-2 gutters-col-v-2\">\n          <!---->\n          <div class=\"h-column h-column-container d-flex h-col-lg-auto h-col-md-auto h-col-auto style-2102-outer style-local-3173-c8-outer\">\n            <div data-colibri-id=\"3173-c8\" class=\"d-flex h-flex-basis h-column__inner h-px-lg-2 h-px-md-2 h-px-2 v-inner-lg-2 v-inner-md-2 v-inner-2 style-2102 style-local-3173-c8 position-relative\">\n              <!---->\n              <!---->\n              <div class=\"w-100 h-y-container h-column__content h-column__v-align flex-basis-100 align-self-lg-start align-self-md-start align-self-start\">\n                <!---->\n                <div data-colibri-id=\"3173-c9\" class=\"h-x-container style-2103 style-local-3173-c9 position-relative h-element\">\n                  <!---->\n                  <div class=\"h-x-container-inner style-dynamic-3173-c9-group style-2103-spacing style-local-3173-c9-spacing\"><span class=\"h-button__outer style-2104-outer style-local-3173-c10-outer d-inline-flex h-element\"><a h-use-smooth-scroll=\"true\" href=\"https:\/\/letoilehotel.com\/en\/2920-2\/\"  data-colibri-id=\"3173-c10\" class=\"d-flex w-100 align-items-center h-button justify-content-lg-center justify-content-md-center justify-content-center style-2104 style-local-3173-c10 position-relative\"><!----><!----> <span>   Mission &amp; Vision<\/span><\/a>\n                    <\/span>\n                  <\/div>\n                <\/div>\n                <div data-colibri-id=\"3173-c11\" class=\"h-x-container style-2105 style-local-3173-c11 position-relative h-element\">\n                  <!---->\n                  <div class=\"h-x-container-inner style-dynamic-3173-c11-group style-2105-spacing style-local-3173-c11-spacing\"><span class=\"h-button__outer style-2106-outer style-local-3173-c12-outer d-inline-flex h-element\"><a h-use-smooth-scroll=\"true\" href=\"https:\/\/letoilehotel.com\/en\/colibri-2889\/\"  data-colibri-id=\"3173-c12\" class=\"d-flex w-100 align-items-center h-button justify-content-lg-center justify-content-md-center justify-content-center style-2106 style-local-3173-c12 position-relative\"><!----><!----> <span>Sustainability Policy<\/span><\/a>\n                    <\/span>\n                  <\/div>\n                <\/div>\n                <div data-colibri-id=\"3173-c13\" class=\"h-x-container style-2107 style-local-3173-c13 position-relative h-element\">\n                  <!---->\n                  <div class=\"h-x-container-inner style-dynamic-3173-c13-group style-2107-spacing style-local-3173-c13-spacing\"><span class=\"h-button__outer style-2108-outer style-local-3173-c14-outer d-inline-flex h-element\"><a h-use-smooth-scroll=\"true\" href=\"https:\/\/letoilehotel.com\/en\/colibri-2903\/\"  data-colibri-id=\"3173-c14\" class=\"d-flex w-100 align-items-center h-button justify-content-lg-center justify-content-md-center justify-content-center style-2108 style-local-3173-c14 position-relative\"><!----><!----> <span>Environmental Protection and Waste Management Policy<\/span><\/a>\n                    <\/span>\n                  <\/div>\n                <\/div>\n                <div data-colibri-id=\"3173-c15\" class=\"h-x-container style-2109 style-local-3173-c15 position-relative h-element\">\n                  <!---->\n                  <div class=\"h-x-container-inner style-dynamic-3173-c15-group style-2109-spacing style-local-3173-c15-spacing\"><span class=\"h-button__outer style-2110-outer style-local-3173-c16-outer d-inline-flex h-element\"><a h-use-smooth-scroll=\"true\" href=\"https:\/\/letoilehotel.com\/en\/enerji-verimliligi\/\"  data-colibri-id=\"3173-c16\" class=\"d-flex w-100 align-items-center h-button justify-content-lg-center justify-content-md-center justify-content-center style-2110 style-local-3173-c16 position-relative\"><!----><!----> <span>Energy Efficiency Policy<\/span><\/a>\n                    <\/span>\n                  <\/div>\n                <\/div>\n                <div data-colibri-id=\"3173-c17\" class=\"h-x-container style-2111 style-local-3173-c17 position-relative h-element\">\n                  <!---->\n                  <div class=\"h-x-container-inner style-dynamic-3173-c17-group style-2111-spacing style-local-3173-c17-spacing\"><span class=\"h-button__outer style-2112-outer style-local-3173-c18-outer d-inline-flex h-element\"><a h-use-smooth-scroll=\"true\" href=\"https:\/\/letoilehotel.com\/en\/3155-2\/\"  data-colibri-id=\"3173-c18\" class=\"d-flex w-100 align-items-center h-button justify-content-lg-center justify-content-md-center justify-content-center style-2112 style-local-3173-c18 position-relative\"><!----><!----> <span>Sustainable Purchasing Policy<\/span><\/a>\n                    <\/span>\n                  <\/div>\n                <\/div>\n                <div data-colibri-id=\"3173-c19\" class=\"h-x-container style-2113 style-local-3173-c19 position-relative h-element\">\n                  <!---->\n                  <div class=\"h-x-container-inner style-dynamic-3173-c19-group style-2113-spacing style-local-3173-c19-spacing\"><span class=\"h-button__outer style-2114-outer style-local-3173-c20-outer d-inline-flex h-element\"><a h-use-smooth-scroll=\"true\" href=\"https:\/\/letoilehotel.com\/en\/3173-2\/\"  data-colibri-id=\"3173-c20\" class=\"d-flex w-100 align-items-center h-button justify-content-lg-center justify-content-md-center justify-content-center style-2114 style-local-3173-c20 position-relative\"><!----><!----> <span>Food Safety Policy<\/span><\/a>\n                    <\/span>\n                  <\/div>\n                <\/div>\n                <div data-colibri-id=\"3173-c21\" class=\"h-x-container style-2115 style-local-3173-c21 position-relative h-element\">\n                  <!---->\n                  <div class=\"h-x-container-inner style-dynamic-3173-c21-group style-2115-spacing style-local-3173-c21-spacing\"><span class=\"h-button__outer style-2116-outer style-local-3173-c22-outer d-inline-flex h-element\"><a h-use-smooth-scroll=\"true\" href=\"https:\/\/letoilehotel.com\/en\/3178-2\/\"  data-colibri-id=\"3173-c22\" class=\"d-flex w-100 align-items-center h-button justify-content-lg-center justify-content-md-center justify-content-center style-2116 style-local-3173-c22 position-relative\"><!----><!----> <span>Water Management<\/span><\/a>\n                    <\/span>\n                  <\/div>\n                <\/div>\n                <div data-colibri-id=\"3173-c23\" class=\"h-x-container style-2117 style-local-3173-c23 position-relative h-element\">\n                  <!---->\n                  <div class=\"h-x-container-inner style-dynamic-3173-c23-group style-2117-spacing style-local-3173-c23-spacing\"><span class=\"h-button__outer style-2118-outer style-local-3173-c24-outer d-inline-flex h-element\"><a h-use-smooth-scroll=\"true\" href=\"https:\/\/letoilehotel.com\/en\/3187-2\/\"  data-colibri-id=\"3173-c24\" class=\"d-flex w-100 align-items-center h-button justify-content-lg-center justify-content-md-center justify-content-center style-2118 style-local-3173-c24 position-relative\"><!----><!----> <span>Human Rights Policy<\/span><\/a>\n                    <\/span>\n                  <\/div>\n                <\/div>\n                <div data-colibri-id=\"3173-c25\" class=\"h-x-container style-2119 style-local-3173-c25 position-relative h-element\">\n                  <!---->\n                  <div class=\"h-x-container-inner style-dynamic-3173-c25-group style-2119-spacing style-local-3173-c25-spacing\"><span class=\"h-button__outer style-2120-outer style-local-3173-c26-outer d-inline-flex h-element\"><a h-use-smooth-scroll=\"true\" href=\"https:\/\/letoilehotel.com\/en\/3197-2\/\"  data-colibri-id=\"3173-c26\" class=\"d-flex w-100 align-items-center h-button justify-content-lg-center justify-content-md-center justify-content-center style-2120 style-local-3173-c26 position-relative\"><!----><!----> <span>Occupational Health and Safety Policy<\/span><\/a>\n                    <\/span>\n                  <\/div>\n                <\/div>\n                <div data-colibri-id=\"3173-c27\" class=\"h-x-container style-2121 style-local-3173-c27 position-relative h-element\">\n                  <!---->\n                  <div class=\"h-x-container-inner style-dynamic-3173-c27-group style-2121-spacing style-local-3173-c27-spacing\"><span class=\"h-button__outer style-2122-outer style-local-3173-c28-outer d-inline-flex h-element\"><a h-use-smooth-scroll=\"true\" href=\"https:\/\/letoilehotel.com\/en\/3207-2\/\"  data-colibri-id=\"3173-c28\" class=\"d-flex w-100 align-items-center h-button justify-content-lg-center justify-content-md-center justify-content-center style-2122 style-local-3173-c28 position-relative\"><!----><!----> <span>Social Responsibility Policy<\/span><\/a>\n                    <\/span>\n                  <\/div>\n                <\/div>\n                <div data-colibri-id=\"3173-c29\" class=\"h-x-container style-2123 style-local-3173-c29 position-relative h-element\">\n                  <!---->\n                  <div class=\"h-x-container-inner style-dynamic-3173-c29-group style-2123-spacing style-local-3173-c29-spacing\"><span class=\"h-button__outer style-2124-outer style-local-3173-c30-outer d-inline-flex h-element\"><a h-use-smooth-scroll=\"true\" href=\"https:\/\/letoilehotel.com\/en\/3217-2\/\"  data-colibri-id=\"3173-c30\" class=\"d-flex w-100 align-items-center h-button justify-content-lg-center justify-content-md-center justify-content-center style-2124 style-local-3173-c30 position-relative\"><!----><!----> <span>Our Social Responsibility Projects<\/span><\/a>\n                    <\/span>\n                  <\/div>\n                <\/div>\n                <div data-colibri-id=\"3173-c31\" class=\"h-x-container style-2125 style-local-3173-c31 position-relative h-element\">\n                  <!---->\n                  <div class=\"h-x-container-inner style-dynamic-3173-c31-group style-2125-spacing style-local-3173-c31-spacing\"><span class=\"h-button__outer style-2126-outer style-local-3173-c32-outer d-inline-flex h-element\"><a h-use-smooth-scroll=\"true\" href=\"https:\/\/letoilehotel.com\/en\/3227-2\/\"  data-colibri-id=\"3173-c32\" class=\"d-flex w-100 align-items-center h-button justify-content-lg-center justify-content-md-center justify-content-center style-2126 style-local-3173-c32 position-relative\"><!----><!----> <span>Children's Rights Policy<\/span><\/a>\n                    <\/span>\n                  <\/div>\n                <\/div>\n                <div data-colibri-id=\"3173-c33\" class=\"h-x-container style-2127 style-local-3173-c33 position-relative h-element\">\n                  <!---->\n                  <div class=\"h-x-container-inner style-dynamic-3173-c33-group style-2127-spacing style-local-3173-c33-spacing\"><span class=\"h-button__outer style-2128-outer style-local-3173-c34-outer d-inline-flex h-element\"><a h-use-smooth-scroll=\"true\" href=\"https:\/\/letoilehotel.com\/en\/3237-2\/\"  data-colibri-id=\"3173-c34\" class=\"d-flex w-100 align-items-center h-button justify-content-lg-center justify-content-md-center justify-content-center style-2128 style-local-3173-c34 position-relative\"><!----><!----> <span>Chemical Use<\/span><\/a>\n                    <\/span>\n                  <\/div>\n                <\/div>\n                <div data-colibri-id=\"3173-c35\" class=\"h-x-container style-2129 style-local-3173-c35 position-relative h-element\">\n                  <!---->\n                  <div class=\"h-x-container-inner style-dynamic-3173-c35-group style-2129-spacing style-local-3173-c35-spacing\"><span class=\"h-button__outer style-2130-outer style-local-3173-c36-outer d-inline-flex h-element\"><a h-use-smooth-scroll=\"true\" href=\"https:\/\/letoilehotel.com\/en\/3247-2\/\"  data-colibri-id=\"3173-c36\" class=\"d-flex w-100 align-items-center h-button justify-content-lg-center justify-content-md-center justify-content-center style-2130 style-local-3173-c36 position-relative\"><!----><!----> <span>Our Carbon Emission Policy<\/span><\/a>\n                    <\/span>\n                  <\/div>\n                <\/div>\n                <div data-colibri-id=\"3173-c37\" class=\"h-x-container style-2131 style-local-3173-c37 position-relative h-element\">\n                  <!---->\n                  <div class=\"h-x-container-inner style-dynamic-3173-c37-group style-2131-spacing style-local-3173-c37-spacing\"><span class=\"h-button__outer style-2132-outer style-local-3173-c38-outer d-inline-flex h-element\"><a h-use-smooth-scroll=\"true\" href=\"https:\/\/letoilehotel.com\/en\/3257-2\/\"  data-colibri-id=\"3173-c38\" class=\"d-flex w-100 align-items-center h-button justify-content-lg-center justify-content-md-center justify-content-center style-2132 style-local-3173-c38 position-relative\"><!----><!----> <span>Our Cookie Policy<\/span><\/a>\n                    <\/span>\n                  <\/div>\n                <\/div>\n                <div data-colibri-id=\"3173-c39\" class=\"h-x-container style-2133 style-local-3173-c39 position-relative h-element\">\n                  <!---->\n                  <div class=\"h-x-container-inner style-dynamic-3173-c39-group style-2133-spacing style-local-3173-c39-spacing\"><span class=\"h-button__outer style-2134-outer style-local-3173-c40-outer d-inline-flex h-element\"><a h-use-smooth-scroll=\"true\" href=\"https:\/\/letoilehotel.com\/en\/3267-2\/\"  data-colibri-id=\"3173-c40\" class=\"d-flex w-100 align-items-center h-button justify-content-lg-center justify-content-md-center justify-content-center style-2134 style-local-3173-c40 position-relative\"><!----><!----> <span>Marmaris Geographical Indications<\/span><\/a>\n                    <\/span>\n                  <\/div>\n                <\/div>\n              <\/div>\n            <\/div>\n          <\/div>\n          <div class=\"h-column h-column-container d-flex h-col-lg-auto h-col-md-auto h-col-auto style-2135-outer style-local-3173-c41-outer\">\n            <div data-colibri-id=\"3173-c41\" class=\"d-flex h-flex-basis h-column__inner h-px-lg-2 h-px-md-2 h-px-2 v-inner-lg-2 v-inner-md-2 v-inner-2 style-2135 style-local-3173-c41 position-relative\">\n              <!---->\n              <!---->\n              <div class=\"w-100 h-y-container h-column__content h-column__v-align flex-basis-100 align-self-lg-start align-self-md-start align-self-start\">\n                <!---->\n                <div data-colibri-id=\"3173-c42\" class=\"h-text h-text-component style-2647 style-local-3173-c42 position-relative h-element\">\n                  <!---->\n                  <!---->\n                  <div class=\"\">\n                    <p>As Letoile Beach Hotel, we aim to protect the health and quality of life of our guests at a high level. In addition to our country's Food Safety Legislation, we continue our work in line with the ISO2200 legislation and on the 7 basic principles of HACCP.<\/p>\n                    <p>These;<\/p>\n                    <ul>\n                      <li>Determining critical control points.<\/li>\n                      <li>Conducting hazard analyses<\/li>\n                      <li>Establishing critical limits<\/li>\n                      <li>Establishing monitoring procedures<\/li>\n                      <li>Determination of corrective actions.<\/li>\n                      <li>Establish verification procedures.<\/li>\n                      <li>Establishment of documentation and registration system.<\/li>\n                    <\/ul>\n                    <p>We undertake and declare that our Food Safety Policy is to ensure that products are presented in a natural, healthy, delicious and safe manner according to the wishes of our guests, according to measurable quality criteria.<\/p>\n                  <\/div>\n                <\/div>\n              <\/div>\n            <\/div>\n          <\/div>\n        <\/div>\n      <\/div>\n    <\/div>\n  <\/div>\n  <div data-colibri-component=\"section\" data-colibri-id=\"3173-c43\" id=\"reusable-sections-3\" class=\"h-section h-section-global-spacing d-flex align-items-lg-center align-items-md-center align-items-center style-2985 style-local-3173-c43 position-relative\">\n    <!---->\n    <!---->\n    <div class=\"h-section-grid-container h-section-boxed-container\">\n      <!---->\n      <div data-colibri-id=\"3173-c44\" class=\"h-row-container gutters-row-lg-2 gutters-row-md-2 gutters-row-0 gutters-row-v-lg-2 gutters-row-v-md-2 gutters-row-v-2 style-2986 style-local-3173-c44 position-relative\">\n        <!---->\n        <div class=\"h-row justify-content-lg-start justify-content-md-start justify-content-start align-items-lg-stretch align-items-md-stretch align-items-stretch gutters-col-lg-2 gutters-col-md-2 gutters-col-0 gutters-col-v-lg-2 gutters-col-v-md-2 gutters-col-v-2\">\n          <!---->\n          <div class=\"h-column h-column-container d-flex h-col-lg-auto h-col-md-auto h-col-auto style-2987-outer style-local-3173-c45-outer\">\n            <div data-colibri-id=\"3173-c45\" class=\"d-flex h-flex-basis h-column__inner h-px-lg-2 h-px-md-2 h-px-2 v-inner-lg-2 v-inner-md-2 v-inner-2 style-2987 style-local-3173-c45 position-relative\">\n              <!---->\n              <!---->\n              <div class=\"w-100 h-y-container h-column__content h-column__v-align flex-basis-100 align-self-lg-start align-self-md-start align-self-start\">\n                <!---->\n                <div data-colibri-id=\"3173-c46\" class=\"h-x-container style-2988 style-local-3173-c46 position-relative h-element\">\n                  <!---->\n                  <div class=\"h-x-container-inner style-dynamic-3173-c46-group style-2988-spacing style-local-3173-c46-spacing\"><span class=\"h-link__outer style-2989-outer style-local-3173-c47-outer d-inline-flex h-element\"><a h-use-smooth-scroll=\"true\" href=\"https:\/\/esiventure.com.tr\/\"  data-colibri-id=\"3173-c47\" class=\"d-flex w-100 align-items-center h-link style-2989 style-local-3173-c47 position-relative\"><!----><!----> <span>2025 All Reserved.Esi Venture<\/span><\/a>\n                    <\/span>\n                  <\/div>\n                <\/div>\n              <\/div>\n            <\/div>\n          <\/div>\n          <div class=\"h-column h-column-container d-flex h-col-lg-auto h-col-md-auto h-col-auto style-2990-outer style-local-3173-c48-outer\">\n            <div data-colibri-id=\"3173-c48\" class=\"d-flex h-flex-basis h-column__inner h-px-lg-2 h-px-md-2 h-px-2 v-inner-lg-2 v-inner-md-2 v-inner-2 style-2990 style-local-3173-c48 position-relative\">\n              <!---->\n              <!---->\n              <div class=\"w-100 h-y-container h-column__content h-column__v-align flex-basis-100 align-self-lg-start align-self-md-start align-self-start\">\n                <!---->\n                <div data-colibri-id=\"3173-c49\" class=\"h-x-container style-2991 style-local-3173-c49 position-relative h-element\">\n                  <!---->\n                  <div class=\"h-x-container-inner style-dynamic-3173-c49-group style-2991-spacing style-local-3173-c49-spacing\"><span class=\"h-button__outer style-2992-outer style-local-3173-c50-outer d-inline-flex h-element\"><a h-use-smooth-scroll=\"true\" href=\"tel:+90-252-321-0930\"  data-colibri-id=\"3173-c50\" class=\"d-flex w-100 align-items-center h-button justify-content-lg-center justify-content-md-center justify-content-center style-2992 style-local-3173-c50 position-relative\"><!----><!----> <span>Information and Reservation : +90 252 321 09 30<\/span><\/a>\n                    <\/span>\n                  <\/div>\n                <\/div>\n              <\/div>\n            <\/div>\n          <\/div>\n        <\/div>\n      <\/div>\n    <\/div>\n  <\/div>\n<\/div>","protected":false},"excerpt":{"rendered":"<p>G\u0131da G\u00fcvenli\u011fi Politikas\u0131 Misyon &amp; Vizyon S\u00fcrd\u00fcr\u00fclebilirlik politikas\u0131 \u00c7EVRE KORUMA VE ATIK Y\u00d6NET\u0130M\u0130 POL\u0130T\u0130KASI Enerji Verimlili\u011fi Politikas\u0131 S\u00dcRD\u00dcR\u00dcLEB\u0130L\u0130R SATIN ALMA POL\u0130T\u0130KASI GIDA G\u00dcVENL\u0130\u011e\u0130 POL\u0130T\u0130KASI SU Y\u00d6NET\u0130M\u0130 \u0130NSAN HAKLARI POL\u0130T\u0130KASI \u0130\u015e SA\u011eLI\u011eI VE G\u00dcVENL\u0130\u011e\u0130 POL\u0130T\u0130KASI SOSYAL SORUMLULUK POL\u0130T\u0130KASI SOSYAL SORUMLULUK PROJELER\u0130M\u0130Z \u00c7OCUK HAKLARI POL\u0130T\u0130KASI K\u0130MYASAL KULLANIMI KARBON SALINIM POL\u0130T\u0130KAMIZ \u00c7EVRE POL\u0130T\u0130KAMIZ MARMAR\u0130S CO\u011eRAF\u0130 \u0130\u015eARETLER Letoile Beach [&hellip;]<\/p>","protected":false},"author":1,"featured_media":0,"parent":0,"menu_order":0,"comment_status":"closed","ping_status":"closed","template":"page-templates\/full-width-page.php","meta":{"footnotes":""},"class_list":["post-3173","page","type-page","status-publish","hentry"],"_links":{"self":[{"href":"https:\/\/letoilehotel.com\/en\/wp-json\/wp\/v2\/pages\/3173","targetHints":{"allow":["GET"]}}],"collection":[{"href":"https:\/\/letoilehotel.com\/en\/wp-json\/wp\/v2\/pages"}],"about":[{"href":"https:\/\/letoilehotel.com\/en\/wp-json\/wp\/v2\/types\/page"}],"author":[{"embeddable":true,"href":"https:\/\/letoilehotel.com\/en\/wp-json\/wp\/v2\/users\/1"}],"replies":[{"embeddable":true,"href":"https:\/\/letoilehotel.com\/en\/wp-json\/wp\/v2\/comments?post=3173"}],"version-history":[{"count":10,"href":"https:\/\/letoilehotel.com\/en\/wp-json\/wp\/v2\/pages\/3173\/revisions"}],"predecessor-version":[{"id":5675,"href":"https:\/\/letoilehotel.com\/en\/wp-json\/wp\/v2\/pages\/3173\/revisions\/5675"}],"wp:attachment":[{"href":"https:\/\/letoilehotel.com\/en\/wp-json\/wp\/v2\/media?parent=3173"}],"curies":[{"name":"wp","href":"https:\/\/api.w.org\/{rel}","templated":true}]}}