{"id":3197,"date":"2025-02-08T15:21:16","date_gmt":"2025-02-08T15:21:16","guid":{"rendered":"https:\/\/demo.letoilehotel.com\/?page_id=3197"},"modified":"2025-03-05T21:49:50","modified_gmt":"2025-03-05T21:49:50","slug":"3197-2","status":"publish","type":"page","link":"https:\/\/letoilehotel.com\/en\/3197-2\/","title":{"rendered":""},"content":{"rendered":"<div data-colibri-id=\"3197-c1\" class=\"style-2256 style-local-3197-c1 position-relative\">\n  <!---->\n  <div data-colibri-component=\"section\" data-colibri-id=\"3197-c2\" id=\"reusable-sections\" class=\"h-section h-section-global-spacing d-flex align-items-lg-center align-items-md-center align-items-center style-2261 style-local-3197-c2 position-relative\">\n    <!---->\n    <!---->\n    <div class=\"h-section-grid-container h-section-boxed-container\">\n      <!---->\n      <div data-colibri-id=\"3197-c3\" class=\"h-row-container gutters-row-lg-2 gutters-row-md-2 gutters-row-0 gutters-row-v-lg-2 gutters-row-v-md-2 gutters-row-v-2 style-2262 style-local-3197-c3 position-relative\">\n        <!---->\n        <div class=\"h-row justify-content-lg-center justify-content-md-center justify-content-center align-items-lg-stretch align-items-md-stretch align-items-stretch gutters-col-lg-2 gutters-col-md-2 gutters-col-0 gutters-col-v-lg-2 gutters-col-v-md-2 gutters-col-v-2\">\n          <!---->\n          <div class=\"h-column h-column-container d-flex h-col-lg-auto h-col-md-auto h-col-auto style-2263-outer style-local-3197-c4-outer\">\n            <div data-colibri-id=\"3197-c4\" class=\"d-flex h-flex-basis h-column__inner h-px-lg-2 h-px-md-2 h-px-2 v-inner-lg-2 v-inner-md-2 v-inner-2 style-2263 style-local-3197-c4 position-relative\">\n              <!---->\n              <!---->\n              <div class=\"w-100 h-y-container h-column__content h-column__v-align flex-basis-100 align-self-lg-start align-self-md-start align-self-start\">\n                <!---->\n                <div data-colibri-id=\"3197-c5\" class=\"h-global-transition-all h-heading style-2264 style-local-3197-c5 position-relative h-element\">\n                  <!---->\n                  <div class=\"h-heading__outer style-2264 style-local-3197-c5\">\n                    <!---->\n                    <!---->\n                    <h3 class=\"\">Occupational Health and Safety Policy<\/h3>\n                  <\/div>\n                <\/div>\n              <\/div>\n            <\/div>\n          <\/div>\n        <\/div>\n      <\/div>\n    <\/div>\n  <\/div>\n  <div data-colibri-component=\"section\" data-colibri-id=\"3197-c6\" id=\"reusable-sections-2\" class=\"h-section h-section-global-spacing d-flex align-items-lg-center align-items-md-center align-items-center style-2265 style-local-3197-c6 position-relative\">\n    <!---->\n    <!---->\n    <div class=\"h-section-grid-container h-section-boxed-container\">\n      <!---->\n      <div data-colibri-id=\"3197-c7\" class=\"h-row-container gutters-row-lg-2 gutters-row-md-2 gutters-row-0 gutters-row-v-lg-2 gutters-row-v-md-2 gutters-row-v-2 style-2266 style-local-3197-c7 position-relative\">\n        <!---->\n        <div class=\"h-row justify-content-lg-center justify-content-md-center justify-content-center align-items-lg-stretch align-items-md-stretch align-items-stretch gutters-col-lg-2 gutters-col-md-2 gutters-col-0 gutters-col-v-lg-2 gutters-col-v-md-2 gutters-col-v-2\">\n          <!---->\n          <div class=\"h-column h-column-container d-flex h-col-lg-auto h-col-md-auto h-col-auto style-2267-outer style-local-3197-c8-outer\">\n            <div data-colibri-id=\"3197-c8\" class=\"d-flex h-flex-basis h-column__inner h-px-lg-2 h-px-md-2 h-px-2 v-inner-lg-2 v-inner-md-2 v-inner-2 style-2267 style-local-3197-c8 position-relative\">\n              <!---->\n              <!---->\n              <div class=\"w-100 h-y-container h-column__content h-column__v-align flex-basis-100 align-self-lg-start align-self-md-start align-self-start\">\n                <!---->\n                <div data-colibri-id=\"3197-c9\" class=\"h-x-container style-2268 style-local-3197-c9 position-relative h-element\">\n                  <!---->\n                  <div class=\"h-x-container-inner style-dynamic-3197-c9-group style-2268-spacing style-local-3197-c9-spacing\"><span class=\"h-button__outer style-2269-outer style-local-3197-c10-outer d-inline-flex h-element\"><a h-use-smooth-scroll=\"true\" href=\"https:\/\/letoilehotel.com\/en\/2920-2\/\"  data-colibri-id=\"3197-c10\" class=\"d-flex w-100 align-items-center h-button justify-content-lg-center justify-content-md-center justify-content-center style-2269 style-local-3197-c10 position-relative\"><!----><!----> <span>   Mission &amp; Vision<\/span><\/a>\n                    <\/span>\n                  <\/div>\n                <\/div>\n                <div data-colibri-id=\"3197-c11\" class=\"h-x-container style-2270 style-local-3197-c11 position-relative h-element\">\n                  <!---->\n                  <div class=\"h-x-container-inner style-dynamic-3197-c11-group style-2270-spacing style-local-3197-c11-spacing\"><span class=\"h-button__outer style-2271-outer style-local-3197-c12-outer d-inline-flex h-element\"><a h-use-smooth-scroll=\"true\" href=\"https:\/\/letoilehotel.com\/en\/colibri-2889\/\"  data-colibri-id=\"3197-c12\" class=\"d-flex w-100 align-items-center h-button justify-content-lg-center justify-content-md-center justify-content-center style-2271 style-local-3197-c12 position-relative\"><!----><!----> <span>Sustainability Policy<\/span><\/a>\n                    <\/span>\n                  <\/div>\n                <\/div>\n                <div data-colibri-id=\"3197-c13\" class=\"h-x-container style-2272 style-local-3197-c13 position-relative h-element\">\n                  <!---->\n                  <div class=\"h-x-container-inner style-dynamic-3197-c13-group style-2272-spacing style-local-3197-c13-spacing\"><span class=\"h-button__outer style-2273-outer style-local-3197-c14-outer d-inline-flex h-element\"><a h-use-smooth-scroll=\"true\" href=\"https:\/\/letoilehotel.com\/en\/colibri-2903\/\"  data-colibri-id=\"3197-c14\" class=\"d-flex w-100 align-items-center h-button justify-content-lg-center justify-content-md-center justify-content-center style-2273 style-local-3197-c14 position-relative\"><!----><!----> <span>Environmental Protection and Waste Management Policy<\/span><\/a>\n                    <\/span>\n                  <\/div>\n                <\/div>\n                <div data-colibri-id=\"3197-c15\" class=\"h-x-container style-2274 style-local-3197-c15 position-relative h-element\">\n                  <!---->\n                  <div class=\"h-x-container-inner style-dynamic-3197-c15-group style-2274-spacing style-local-3197-c15-spacing\"><span class=\"h-button__outer style-2275-outer style-local-3197-c16-outer d-inline-flex h-element\"><a h-use-smooth-scroll=\"true\" href=\"https:\/\/letoilehotel.com\/en\/enerji-verimliligi\/\"  data-colibri-id=\"3197-c16\" class=\"d-flex w-100 align-items-center h-button justify-content-lg-center justify-content-md-center justify-content-center style-2275 style-local-3197-c16 position-relative\"><!----><!----> <span>Energy Efficiency Policy<\/span><\/a>\n                    <\/span>\n                  <\/div>\n                <\/div>\n                <div data-colibri-id=\"3197-c17\" class=\"h-x-container style-2276 style-local-3197-c17 position-relative h-element\">\n                  <!---->\n                  <div class=\"h-x-container-inner style-dynamic-3197-c17-group style-2276-spacing style-local-3197-c17-spacing\"><span class=\"h-button__outer style-2277-outer style-local-3197-c18-outer d-inline-flex h-element\"><a h-use-smooth-scroll=\"true\" href=\"https:\/\/letoilehotel.com\/en\/3155-2\/\"  data-colibri-id=\"3197-c18\" class=\"d-flex w-100 align-items-center h-button justify-content-lg-center justify-content-md-center justify-content-center style-2277 style-local-3197-c18 position-relative\"><!----><!----> <span>Sustainable Purchasing Policy<\/span><\/a>\n                    <\/span>\n                  <\/div>\n                <\/div>\n                <div data-colibri-id=\"3197-c19\" class=\"h-x-container style-2278 style-local-3197-c19 position-relative h-element\">\n                  <!---->\n                  <div class=\"h-x-container-inner style-dynamic-3197-c19-group style-2278-spacing style-local-3197-c19-spacing\"><span class=\"h-button__outer style-2279-outer style-local-3197-c20-outer d-inline-flex h-element\"><a h-use-smooth-scroll=\"true\" href=\"https:\/\/letoilehotel.com\/en\/3173-2\/\"  data-colibri-id=\"3197-c20\" class=\"d-flex w-100 align-items-center h-button justify-content-lg-center justify-content-md-center justify-content-center style-2279 style-local-3197-c20 position-relative\"><!----><!----> <span>Food Safety Policy<\/span><\/a>\n                    <\/span>\n                  <\/div>\n                <\/div>\n                <div data-colibri-id=\"3197-c21\" class=\"h-x-container style-2280 style-local-3197-c21 position-relative h-element\">\n                  <!---->\n                  <div class=\"h-x-container-inner style-dynamic-3197-c21-group style-2280-spacing style-local-3197-c21-spacing\"><span class=\"h-button__outer style-2281-outer style-local-3197-c22-outer d-inline-flex h-element\"><a h-use-smooth-scroll=\"true\" href=\"https:\/\/letoilehotel.com\/en\/3178-2\/\"  data-colibri-id=\"3197-c22\" class=\"d-flex w-100 align-items-center h-button justify-content-lg-center justify-content-md-center justify-content-center style-2281 style-local-3197-c22 position-relative\"><!----><!----> <span>Water Management<\/span><\/a>\n                    <\/span>\n                  <\/div>\n                <\/div>\n                <div data-colibri-id=\"3197-c23\" class=\"h-x-container style-2282 style-local-3197-c23 position-relative h-element\">\n                  <!---->\n                  <div class=\"h-x-container-inner style-dynamic-3197-c23-group style-2282-spacing style-local-3197-c23-spacing\"><span class=\"h-button__outer style-2283-outer style-local-3197-c24-outer d-inline-flex h-element\"><a h-use-smooth-scroll=\"true\" href=\"https:\/\/letoilehotel.com\/en\/3187-2\/\"  data-colibri-id=\"3197-c24\" class=\"d-flex w-100 align-items-center h-button justify-content-lg-center justify-content-md-center justify-content-center style-2283 style-local-3197-c24 position-relative\"><!----><!----> <span>Human Rights Policy<\/span><\/a>\n                    <\/span>\n                  <\/div>\n                <\/div>\n                <div data-colibri-id=\"3197-c25\" class=\"h-x-container style-2284 style-local-3197-c25 position-relative h-element\">\n                  <!---->\n                  <div class=\"h-x-container-inner style-dynamic-3197-c25-group style-2284-spacing style-local-3197-c25-spacing\"><span class=\"h-button__outer style-2285-outer style-local-3197-c26-outer d-inline-flex h-element\"><a h-use-smooth-scroll=\"true\" href=\"https:\/\/letoilehotel.com\/en\/3197-2\/\"  data-colibri-id=\"3197-c26\" class=\"d-flex w-100 align-items-center h-button justify-content-lg-center justify-content-md-center justify-content-center style-2285 style-local-3197-c26 position-relative\"><!----><!----> <span>Occupational Health and Safety Policy<\/span><\/a>\n                    <\/span>\n                  <\/div>\n                <\/div>\n                <div data-colibri-id=\"3197-c27\" class=\"h-x-container style-2286 style-local-3197-c27 position-relative h-element\">\n                  <!---->\n                  <div class=\"h-x-container-inner style-dynamic-3197-c27-group style-2286-spacing style-local-3197-c27-spacing\"><span class=\"h-button__outer style-2287-outer style-local-3197-c28-outer d-inline-flex h-element\"><a h-use-smooth-scroll=\"true\" href=\"https:\/\/letoilehotel.com\/en\/3207-2\/\"  data-colibri-id=\"3197-c28\" class=\"d-flex w-100 align-items-center h-button justify-content-lg-center justify-content-md-center justify-content-center style-2287 style-local-3197-c28 position-relative\"><!----><!----> <span>Social Responsibility Policy<\/span><\/a>\n                    <\/span>\n                  <\/div>\n                <\/div>\n                <div data-colibri-id=\"3197-c29\" class=\"h-x-container style-2288 style-local-3197-c29 position-relative h-element\">\n                  <!---->\n                  <div class=\"h-x-container-inner style-dynamic-3197-c29-group style-2288-spacing style-local-3197-c29-spacing\"><span class=\"h-button__outer style-2289-outer style-local-3197-c30-outer d-inline-flex h-element\"><a h-use-smooth-scroll=\"true\" href=\"https:\/\/letoilehotel.com\/en\/3217-2\/\"  data-colibri-id=\"3197-c30\" class=\"d-flex w-100 align-items-center h-button justify-content-lg-center justify-content-md-center justify-content-center style-2289 style-local-3197-c30 position-relative\"><!----><!----> <span>Our Social Responsibility Projects<\/span><\/a>\n                    <\/span>\n                  <\/div>\n                <\/div>\n                <div data-colibri-id=\"3197-c31\" class=\"h-x-container style-2290 style-local-3197-c31 position-relative h-element\">\n                  <!---->\n                  <div class=\"h-x-container-inner style-dynamic-3197-c31-group style-2290-spacing style-local-3197-c31-spacing\"><span class=\"h-button__outer style-2291-outer style-local-3197-c32-outer d-inline-flex h-element\"><a h-use-smooth-scroll=\"true\" href=\"https:\/\/letoilehotel.com\/en\/3227-2\/\"  data-colibri-id=\"3197-c32\" class=\"d-flex w-100 align-items-center h-button justify-content-lg-center justify-content-md-center justify-content-center style-2291 style-local-3197-c32 position-relative\"><!----><!----> <span>Children's Rights Policy<\/span><\/a>\n                    <\/span>\n                  <\/div>\n                <\/div>\n                <div data-colibri-id=\"3197-c33\" class=\"h-x-container style-2292 style-local-3197-c33 position-relative h-element\">\n                  <!---->\n                  <div class=\"h-x-container-inner style-dynamic-3197-c33-group style-2292-spacing style-local-3197-c33-spacing\"><span class=\"h-button__outer style-2293-outer style-local-3197-c34-outer d-inline-flex h-element\"><a h-use-smooth-scroll=\"true\" href=\"https:\/\/letoilehotel.com\/en\/3237-2\/\"  data-colibri-id=\"3197-c34\" class=\"d-flex w-100 align-items-center h-button justify-content-lg-center justify-content-md-center justify-content-center style-2293 style-local-3197-c34 position-relative\"><!----><!----> <span>Chemical Use<\/span><\/a>\n                    <\/span>\n                  <\/div>\n                <\/div>\n                <div data-colibri-id=\"3197-c35\" class=\"h-x-container style-2294 style-local-3197-c35 position-relative h-element\">\n                  <!---->\n                  <div class=\"h-x-container-inner style-dynamic-3197-c35-group style-2294-spacing style-local-3197-c35-spacing\"><span class=\"h-button__outer style-2295-outer style-local-3197-c36-outer d-inline-flex h-element\"><a h-use-smooth-scroll=\"true\" href=\"https:\/\/letoilehotel.com\/en\/3247-2\/\"  data-colibri-id=\"3197-c36\" class=\"d-flex w-100 align-items-center h-button justify-content-lg-center justify-content-md-center justify-content-center style-2295 style-local-3197-c36 position-relative\"><!----><!----> <span>Our Carbon Emission Policy<\/span><\/a>\n                    <\/span>\n                  <\/div>\n                <\/div>\n                <div data-colibri-id=\"3197-c37\" class=\"h-x-container style-2296 style-local-3197-c37 position-relative h-element\">\n                  <!---->\n                  <div class=\"h-x-container-inner style-dynamic-3197-c37-group style-2296-spacing style-local-3197-c37-spacing\"><span class=\"h-button__outer style-2297-outer style-local-3197-c38-outer d-inline-flex h-element\"><a h-use-smooth-scroll=\"true\" href=\"https:\/\/letoilehotel.com\/en\/3257-2\/\"  data-colibri-id=\"3197-c38\" class=\"d-flex w-100 align-items-center h-button justify-content-lg-center justify-content-md-center justify-content-center style-2297 style-local-3197-c38 position-relative\"><!----><!----> <span>Our Cookie Policy<\/span><\/a>\n                    <\/span>\n                  <\/div>\n                <\/div>\n                <div data-colibri-id=\"3197-c39\" class=\"h-x-container style-2298 style-local-3197-c39 position-relative h-element\">\n                  <!---->\n                  <div class=\"h-x-container-inner style-dynamic-3197-c39-group style-2298-spacing style-local-3197-c39-spacing\"><span class=\"h-button__outer style-2299-outer style-local-3197-c40-outer d-inline-flex h-element\"><a h-use-smooth-scroll=\"true\" href=\"https:\/\/letoilehotel.com\/en\/3267-2\/\"  data-colibri-id=\"3197-c40\" class=\"d-flex w-100 align-items-center h-button justify-content-lg-center justify-content-md-center justify-content-center style-2299 style-local-3197-c40 position-relative\"><!----><!----> <span>Marmaris Geographical Indications<\/span><\/a>\n                    <\/span>\n                  <\/div>\n                <\/div>\n              <\/div>\n            <\/div>\n          <\/div>\n          <div class=\"h-column h-column-container d-flex h-col-lg-auto h-col-md-auto h-col-auto style-2300-outer style-local-3197-c41-outer\">\n            <div data-colibri-id=\"3197-c41\" class=\"d-flex h-flex-basis h-column__inner h-px-lg-2 h-px-md-2 h-px-2 v-inner-lg-2 v-inner-md-2 v-inner-2 style-2300 style-local-3197-c41 position-relative\">\n              <!---->\n              <!---->\n              <div class=\"w-100 h-y-container h-column__content h-column__v-align flex-basis-100 align-self-lg-start align-self-md-start align-self-start\">\n                <!---->\n                <div data-colibri-id=\"3197-c42\" class=\"h-text h-text-component style-2708 style-local-3197-c42 position-relative h-element\">\n                  <!---->\n                  <!---->\n                  <div class=\"\">\n                    <p>AIM<\/p>\n                    <p>As Letoile Hotel and its employees, we aim to be a leader in occupational health and safety on a national and international scale in line with the United Nations sustainable development goals and circular economy principles and to continuously improve and maximize our occupational health and safety performance.<\/p>\n                    <p>SCOPE<\/p>\n                    <p>This policy,<\/p>\n                    <ul>\n                      <li><span style=\"font-weight: 400; font-size: 17px; font-family: Bentham; color: rgb(101, 92, 92);\">Letoile Beach  hotel,<\/span> otelini,<\/li>\n                      <li><span style=\"font-weight: 400; font-size: 17px; font-family: Bentham; color: rgb(101, 92, 92);\">Letoile Beach  hotel,&nbsp;<\/span>All employees of Letoile hotel<\/li>\n                      <li>It covers personnel involved in contracts with suppliers, contractors, subcontractors and other organisations. It undertakes to fulfil the requirements set out in this policy and expects its employees to fulfil the same commitments.<\/li>\n                    <\/ul>\n                    <p>To achieve our goals;<\/p>\n                    <ul>\n                      <li>To comply with other relevant national and international conditions beyond the current legal occupational health and safety legislation, and to continuously review and improve our occupational health and safety management,<\/li>\n                      <li>To identify all risks and near-miss events related to occupational health and safety arising from our activities in our workplace that may harm the health and motivation of our employees, and to continuously carry out and update risk assessments with a proactive approach, and to prevent work accidents and occupational diseases,<\/li>\n                      <li>To eliminate hazards and minimize OHS risks, to be prepared for emergencies (e.g. fire, flood, earthquake, explosion, etc.), to ensure, protect, develop and raise awareness of occupational safety, to provide the necessary resources in line with good practice techniques to be able to quickly raise the alarm in emergencies, and to ensure that continuous development is supported through training,<\/li>\n                      <li>To ensure the participation, communication and consultation of employees, employee representatives and all our stakeholders in the planning, implementation, performance evaluation and increase, continuous improvement and development activities of our Occupational Health and Safety Management System in line with the principles of sustainability.<\/li>\n                    <\/ul>\n                    <p>We undertake<\/p>\n                  <\/div>\n                <\/div>\n              <\/div>\n            <\/div>\n          <\/div>\n        <\/div>\n      <\/div>\n    <\/div>\n  <\/div>\n  <div data-colibri-component=\"section\" data-colibri-id=\"3197-c43\" id=\"reusable-sections-3\" class=\"h-section h-section-global-spacing d-flex align-items-lg-center align-items-md-center align-items-center style-3009 style-local-3197-c43 position-relative\">\n    <!---->\n    <!---->\n    <div class=\"h-section-grid-container h-section-boxed-container\">\n      <!---->\n      <div data-colibri-id=\"3197-c44\" class=\"h-row-container gutters-row-lg-2 gutters-row-md-2 gutters-row-0 gutters-row-v-lg-2 gutters-row-v-md-2 gutters-row-v-2 style-3010 style-local-3197-c44 position-relative\">\n        <!---->\n        <div class=\"h-row justify-content-lg-start justify-content-md-start justify-content-start align-items-lg-stretch align-items-md-stretch align-items-stretch gutters-col-lg-2 gutters-col-md-2 gutters-col-0 gutters-col-v-lg-2 gutters-col-v-md-2 gutters-col-v-2\">\n          <!---->\n          <div class=\"h-column h-column-container d-flex h-col-lg-auto h-col-md-auto h-col-auto style-3011-outer style-local-3197-c45-outer\">\n            <div data-colibri-id=\"3197-c45\" class=\"d-flex h-flex-basis h-column__inner h-px-lg-2 h-px-md-2 h-px-2 v-inner-lg-2 v-inner-md-2 v-inner-2 style-3011 style-local-3197-c45 position-relative\">\n              <!---->\n              <!---->\n              <div class=\"w-100 h-y-container h-column__content h-column__v-align flex-basis-100 align-self-lg-start align-self-md-start align-self-start\">\n                <!---->\n                <div data-colibri-id=\"3197-c46\" class=\"h-x-container style-3012 style-local-3197-c46 position-relative h-element\">\n                  <!---->\n                  <div class=\"h-x-container-inner style-dynamic-3197-c46-group style-3012-spacing style-local-3197-c46-spacing\"><span class=\"h-link__outer style-3013-outer style-local-3197-c47-outer d-inline-flex h-element\"><a h-use-smooth-scroll=\"true\" href=\"https:\/\/esiventure.com.tr\/\"  data-colibri-id=\"3197-c47\" class=\"d-flex w-100 align-items-center h-link style-3013 style-local-3197-c47 position-relative\"><!----><!----> <span>2025 All Reserved.Esi Venture<\/span><\/a>\n                    <\/span>\n                  <\/div>\n                <\/div>\n              <\/div>\n            <\/div>\n          <\/div>\n          <div class=\"h-column h-column-container d-flex h-col-lg-auto h-col-md-auto h-col-auto style-3014-outer style-local-3197-c48-outer\">\n            <div data-colibri-id=\"3197-c48\" class=\"d-flex h-flex-basis h-column__inner h-px-lg-2 h-px-md-2 h-px-2 v-inner-lg-2 v-inner-md-2 v-inner-2 style-3014 style-local-3197-c48 position-relative\">\n              <!---->\n              <!---->\n              <div class=\"w-100 h-y-container h-column__content h-column__v-align flex-basis-100 align-self-lg-start align-self-md-start align-self-start\">\n                <!---->\n                <div data-colibri-id=\"3197-c49\" class=\"h-x-container style-3015 style-local-3197-c49 position-relative h-element\">\n                  <!---->\n                  <div class=\"h-x-container-inner style-dynamic-3197-c49-group style-3015-spacing style-local-3197-c49-spacing\"><span class=\"h-button__outer style-3016-outer style-local-3197-c50-outer d-inline-flex h-element\"><a h-use-smooth-scroll=\"true\" href=\"tel:+90-252-321-0930\"  data-colibri-id=\"3197-c50\" class=\"d-flex w-100 align-items-center h-button justify-content-lg-center justify-content-md-center justify-content-center style-3016 style-local-3197-c50 position-relative\"><!----><!----> <span>Information and Reservation : +90 252 321 09 30<\/span><\/a>\n                    <\/span>\n                  <\/div>\n                <\/div>\n              <\/div>\n            <\/div>\n          <\/div>\n        <\/div>\n      <\/div>\n    <\/div>\n  <\/div>\n<\/div>","protected":false},"excerpt":{"rendered":"<p>\u0130\u015f Sa\u011fl\u0131\u011f\u0131 ve G\u00fcvenli\u011fi Politikas\u0131 Misyon &amp; Vizyon S\u00fcrd\u00fcr\u00fclebilirlik politikas\u0131 \u00c7EVRE KORUMA VE ATIK Y\u00d6NET\u0130M\u0130 POL\u0130T\u0130KASI Enerji Verimlili\u011fi Politikas\u0131 S\u00dcRD\u00dcR\u00dcLEB\u0130L\u0130R SATIN ALMA POL\u0130T\u0130KASI GIDA G\u00dcVENL\u0130\u011e\u0130 POL\u0130T\u0130KASI SU Y\u00d6NET\u0130M\u0130 \u0130NSAN HAKLARI POL\u0130T\u0130KASI \u0130\u015e SA\u011eLI\u011eI VE G\u00dcVENL\u0130\u011e\u0130 POL\u0130T\u0130KASI SOSYAL SORUMLULUK POL\u0130T\u0130KASI SOSYAL SORUMLULUK PROJELER\u0130M\u0130Z \u00c7OCUK HAKLARI POL\u0130T\u0130KASI K\u0130MYASAL KULLANIMI KARBON SALINIM POL\u0130T\u0130KAMIZ \u00c7EVRE POL\u0130T\u0130KAMIZ MARMAR\u0130S CO\u011eRAF\u0130 \u0130\u015eARETLER [&hellip;]<\/p>","protected":false},"author":1,"featured_media":0,"parent":0,"menu_order":0,"comment_status":"closed","ping_status":"closed","template":"page-templates\/full-width-page.php","meta":{"footnotes":""},"class_list":["post-3197","page","type-page","status-publish","hentry"],"_links":{"self":[{"href":"https:\/\/letoilehotel.com\/en\/wp-json\/wp\/v2\/pages\/3197","targetHints":{"allow":["GET"]}}],"collection":[{"href":"https:\/\/letoilehotel.com\/en\/wp-json\/wp\/v2\/pages"}],"about":[{"href":"https:\/\/letoilehotel.com\/en\/wp-json\/wp\/v2\/types\/page"}],"author":[{"embeddable":true,"href":"https:\/\/letoilehotel.com\/en\/wp-json\/wp\/v2\/users\/1"}],"replies":[{"embeddable":true,"href":"https:\/\/letoilehotel.com\/en\/wp-json\/wp\/v2\/comments?post=3197"}],"version-history":[{"count":9,"href":"https:\/\/letoilehotel.com\/en\/wp-json\/wp\/v2\/pages\/3197\/revisions"}],"predecessor-version":[{"id":5696,"href":"https:\/\/letoilehotel.com\/en\/wp-json\/wp\/v2\/pages\/3197\/revisions\/5696"}],"wp:attachment":[{"href":"https:\/\/letoilehotel.com\/en\/wp-json\/wp\/v2\/media?parent=3197"}],"curies":[{"name":"wp","href":"https:\/\/api.w.org\/{rel}","templated":true}]}}