{"id":3247,"date":"2025-02-08T15:25:26","date_gmt":"2025-02-08T15:25:26","guid":{"rendered":"https:\/\/demo.letoilehotel.com\/?page_id=3247"},"modified":"2025-03-05T21:54:16","modified_gmt":"2025-03-05T21:54:16","slug":"3247-2","status":"publish","type":"page","link":"https:\/\/letoilehotel.com\/en\/3247-2\/","title":{"rendered":""},"content":{"rendered":"<div data-colibri-id=\"3247-c1\" class=\"style-2476 style-local-3247-c1 position-relative\">\n  <!---->\n  <div data-colibri-component=\"section\" data-colibri-id=\"3247-c2\" id=\"reusable-sections\" class=\"h-section h-section-global-spacing d-flex align-items-lg-center align-items-md-center align-items-center style-2481 style-local-3247-c2 position-relative\">\n    <!---->\n    <!---->\n    <div class=\"h-section-grid-container h-section-boxed-container\">\n      <!---->\n      <div data-colibri-id=\"3247-c3\" class=\"h-row-container gutters-row-lg-2 gutters-row-md-2 gutters-row-0 gutters-row-v-lg-2 gutters-row-v-md-2 gutters-row-v-2 style-2482 style-local-3247-c3 position-relative\">\n        <!---->\n        <div class=\"h-row justify-content-lg-center justify-content-md-center justify-content-center align-items-lg-stretch align-items-md-stretch align-items-stretch gutters-col-lg-2 gutters-col-md-2 gutters-col-0 gutters-col-v-lg-2 gutters-col-v-md-2 gutters-col-v-2\">\n          <!---->\n          <div class=\"h-column h-column-container d-flex h-col-lg-auto h-col-md-auto h-col-auto style-2483-outer style-local-3247-c4-outer\">\n            <div data-colibri-id=\"3247-c4\" class=\"d-flex h-flex-basis h-column__inner h-px-lg-2 h-px-md-2 h-px-2 v-inner-lg-2 v-inner-md-2 v-inner-2 style-2483 style-local-3247-c4 position-relative\">\n              <!---->\n              <!---->\n              <div class=\"w-100 h-y-container h-column__content h-column__v-align flex-basis-100 align-self-lg-start align-self-md-start align-self-start\">\n                <!---->\n                <div data-colibri-id=\"3247-c5\" class=\"h-global-transition-all h-heading style-2484 style-local-3247-c5 position-relative h-element\">\n                  <!---->\n                  <div class=\"h-heading__outer style-2484 style-local-3247-c5\">\n                    <!---->\n                    <!---->\n                    <h3 class=\"\">Our Carbon Emission Policy<\/h3>\n                  <\/div>\n                <\/div>\n              <\/div>\n            <\/div>\n          <\/div>\n        <\/div>\n      <\/div>\n    <\/div>\n  <\/div>\n  <div data-colibri-component=\"section\" data-colibri-id=\"3247-c6\" id=\"reusable-sections-2\" class=\"h-section h-section-global-spacing d-flex align-items-lg-center align-items-md-center align-items-center style-2485 style-local-3247-c6 position-relative\">\n    <!---->\n    <!---->\n    <div class=\"h-section-grid-container h-section-boxed-container\">\n      <!---->\n      <div data-colibri-id=\"3247-c7\" class=\"h-row-container gutters-row-lg-2 gutters-row-md-2 gutters-row-0 gutters-row-v-lg-2 gutters-row-v-md-2 gutters-row-v-2 style-2486 style-local-3247-c7 position-relative\">\n        <!---->\n        <div class=\"h-row justify-content-lg-center justify-content-md-center justify-content-center align-items-lg-stretch align-items-md-stretch align-items-stretch gutters-col-lg-2 gutters-col-md-2 gutters-col-0 gutters-col-v-lg-2 gutters-col-v-md-2 gutters-col-v-2\">\n          <!---->\n          <div class=\"h-column h-column-container d-flex h-col-lg-auto h-col-md-auto h-col-auto style-2487-outer style-local-3247-c8-outer\">\n            <div data-colibri-id=\"3247-c8\" class=\"d-flex h-flex-basis h-column__inner h-px-lg-2 h-px-md-2 h-px-2 v-inner-lg-2 v-inner-md-2 v-inner-2 style-2487 style-local-3247-c8 position-relative\">\n              <!---->\n              <!---->\n              <div class=\"w-100 h-y-container h-column__content h-column__v-align flex-basis-100 align-self-lg-start align-self-md-start align-self-start\">\n                <!---->\n                <div data-colibri-id=\"3247-c9\" class=\"h-x-container style-2488 style-local-3247-c9 position-relative h-element\">\n                  <!---->\n                  <div class=\"h-x-container-inner style-dynamic-3247-c9-group style-2488-spacing style-local-3247-c9-spacing\"><span class=\"h-button__outer style-2489-outer style-local-3247-c10-outer d-inline-flex h-element\"><a h-use-smooth-scroll=\"true\" href=\"https:\/\/letoilehotel.com\/en\/2920-2\/\"  data-colibri-id=\"3247-c10\" class=\"d-flex w-100 align-items-center h-button justify-content-lg-center justify-content-md-center justify-content-center style-2489 style-local-3247-c10 position-relative\"><!----><!----> <span>   Mission &amp; Vision<\/span><\/a>\n                    <\/span>\n                  <\/div>\n                <\/div>\n                <div data-colibri-id=\"3247-c11\" class=\"h-x-container style-2490 style-local-3247-c11 position-relative h-element\">\n                  <!---->\n                  <div class=\"h-x-container-inner style-dynamic-3247-c11-group style-2490-spacing style-local-3247-c11-spacing\"><span class=\"h-button__outer style-2491-outer style-local-3247-c12-outer d-inline-flex h-element\"><a h-use-smooth-scroll=\"true\" href=\"https:\/\/letoilehotel.com\/en\/colibri-2889\/\"  data-colibri-id=\"3247-c12\" class=\"d-flex w-100 align-items-center h-button justify-content-lg-center justify-content-md-center justify-content-center style-2491 style-local-3247-c12 position-relative\"><!----><!----> <span>Sustainability Policy<\/span><\/a>\n                    <\/span>\n                  <\/div>\n                <\/div>\n                <div data-colibri-id=\"3247-c13\" class=\"h-x-container style-2492 style-local-3247-c13 position-relative h-element\">\n                  <!---->\n                  <div class=\"h-x-container-inner style-dynamic-3247-c13-group style-2492-spacing style-local-3247-c13-spacing\"><span class=\"h-button__outer style-2493-outer style-local-3247-c14-outer d-inline-flex h-element\"><a h-use-smooth-scroll=\"true\" href=\"https:\/\/letoilehotel.com\/en\/colibri-2903\/\"  data-colibri-id=\"3247-c14\" class=\"d-flex w-100 align-items-center h-button justify-content-lg-center justify-content-md-center justify-content-center style-2493 style-local-3247-c14 position-relative\"><!----><!----> <span>Environmental Protection and Waste Management Policy<\/span><\/a>\n                    <\/span>\n                  <\/div>\n                <\/div>\n                <div data-colibri-id=\"3247-c15\" class=\"h-x-container style-2494 style-local-3247-c15 position-relative h-element\">\n                  <!---->\n                  <div class=\"h-x-container-inner style-dynamic-3247-c15-group style-2494-spacing style-local-3247-c15-spacing\"><span class=\"h-button__outer style-2495-outer style-local-3247-c16-outer d-inline-flex h-element\"><a h-use-smooth-scroll=\"true\" href=\"https:\/\/letoilehotel.com\/en\/enerji-verimliligi\/\"  data-colibri-id=\"3247-c16\" class=\"d-flex w-100 align-items-center h-button justify-content-lg-center justify-content-md-center justify-content-center style-2495 style-local-3247-c16 position-relative\"><!----><!----> <span>Energy Efficiency Policy<\/span><\/a>\n                    <\/span>\n                  <\/div>\n                <\/div>\n                <div data-colibri-id=\"3247-c17\" class=\"h-x-container style-2496 style-local-3247-c17 position-relative h-element\">\n                  <!---->\n                  <div class=\"h-x-container-inner style-dynamic-3247-c17-group style-2496-spacing style-local-3247-c17-spacing\"><span class=\"h-button__outer style-2497-outer style-local-3247-c18-outer d-inline-flex h-element\"><a h-use-smooth-scroll=\"true\" href=\"https:\/\/letoilehotel.com\/en\/3155-2\/\"  data-colibri-id=\"3247-c18\" class=\"d-flex w-100 align-items-center h-button justify-content-lg-center justify-content-md-center justify-content-center style-2497 style-local-3247-c18 position-relative\"><!----><!----> <span>Sustainable Purchasing Policy<\/span><\/a>\n                    <\/span>\n                  <\/div>\n                <\/div>\n                <div data-colibri-id=\"3247-c19\" class=\"h-x-container style-2498 style-local-3247-c19 position-relative h-element\">\n                  <!---->\n                  <div class=\"h-x-container-inner style-dynamic-3247-c19-group style-2498-spacing style-local-3247-c19-spacing\"><span class=\"h-button__outer style-2499-outer style-local-3247-c20-outer d-inline-flex h-element\"><a h-use-smooth-scroll=\"true\" href=\"https:\/\/letoilehotel.com\/en\/3173-2\/\"  data-colibri-id=\"3247-c20\" class=\"d-flex w-100 align-items-center h-button justify-content-lg-center justify-content-md-center justify-content-center style-2499 style-local-3247-c20 position-relative\"><!----><!----> <span>Food Safety Policy<\/span><\/a>\n                    <\/span>\n                  <\/div>\n                <\/div>\n                <div data-colibri-id=\"3247-c21\" class=\"h-x-container style-2500 style-local-3247-c21 position-relative h-element\">\n                  <!---->\n                  <div class=\"h-x-container-inner style-dynamic-3247-c21-group style-2500-spacing style-local-3247-c21-spacing\"><span class=\"h-button__outer style-2501-outer style-local-3247-c22-outer d-inline-flex h-element\"><a h-use-smooth-scroll=\"true\" href=\"https:\/\/letoilehotel.com\/en\/3178-2\/\"  data-colibri-id=\"3247-c22\" class=\"d-flex w-100 align-items-center h-button justify-content-lg-center justify-content-md-center justify-content-center style-2501 style-local-3247-c22 position-relative\"><!----><!----> <span>Water Management<\/span><\/a>\n                    <\/span>\n                  <\/div>\n                <\/div>\n                <div data-colibri-id=\"3247-c23\" class=\"h-x-container style-2502 style-local-3247-c23 position-relative h-element\">\n                  <!---->\n                  <div class=\"h-x-container-inner style-dynamic-3247-c23-group style-2502-spacing style-local-3247-c23-spacing\"><span class=\"h-button__outer style-2503-outer style-local-3247-c24-outer d-inline-flex h-element\"><a h-use-smooth-scroll=\"true\" href=\"https:\/\/letoilehotel.com\/en\/3187-2\/\"  data-colibri-id=\"3247-c24\" class=\"d-flex w-100 align-items-center h-button justify-content-lg-center justify-content-md-center justify-content-center style-2503 style-local-3247-c24 position-relative\"><!----><!----> <span>Human Rights Policy<\/span><\/a>\n                    <\/span>\n                  <\/div>\n                <\/div>\n                <div data-colibri-id=\"3247-c25\" class=\"h-x-container style-2504 style-local-3247-c25 position-relative h-element\">\n                  <!---->\n                  <div class=\"h-x-container-inner style-dynamic-3247-c25-group style-2504-spacing style-local-3247-c25-spacing\"><span class=\"h-button__outer style-2505-outer style-local-3247-c26-outer d-inline-flex h-element\"><a h-use-smooth-scroll=\"true\" href=\"https:\/\/letoilehotel.com\/en\/3197-2\/\"  data-colibri-id=\"3247-c26\" class=\"d-flex w-100 align-items-center h-button justify-content-lg-center justify-content-md-center justify-content-center style-2505 style-local-3247-c26 position-relative\"><!----><!----> <span>Occupational Health and Safety Policy<\/span><\/a>\n                    <\/span>\n                  <\/div>\n                <\/div>\n                <div data-colibri-id=\"3247-c27\" class=\"h-x-container style-2506 style-local-3247-c27 position-relative h-element\">\n                  <!---->\n                  <div class=\"h-x-container-inner style-dynamic-3247-c27-group style-2506-spacing style-local-3247-c27-spacing\"><span class=\"h-button__outer style-2507-outer style-local-3247-c28-outer d-inline-flex h-element\"><a h-use-smooth-scroll=\"true\" href=\"https:\/\/dletoilehotel.com\/3207-2\/\"  data-colibri-id=\"3247-c28\" class=\"d-flex w-100 align-items-center h-button justify-content-lg-center justify-content-md-center justify-content-center style-2507 style-local-3247-c28 position-relative\"><!----><!----> <span>Social Responsibility Policy<\/span><\/a>\n                    <\/span>\n                  <\/div>\n                <\/div>\n                <div data-colibri-id=\"3247-c29\" class=\"h-x-container style-2508 style-local-3247-c29 position-relative h-element\">\n                  <!---->\n                  <div class=\"h-x-container-inner style-dynamic-3247-c29-group style-2508-spacing style-local-3247-c29-spacing\"><span class=\"h-button__outer style-2509-outer style-local-3247-c30-outer d-inline-flex h-element\"><a h-use-smooth-scroll=\"true\" href=\"https:\/\/letoilehotel.com\/en\/3217-2\/\"  data-colibri-id=\"3247-c30\" class=\"d-flex w-100 align-items-center h-button justify-content-lg-center justify-content-md-center justify-content-center style-2509 style-local-3247-c30 position-relative\"><!----><!----> <span>Our Social Responsibility Projects<\/span><\/a>\n                    <\/span>\n                  <\/div>\n                <\/div>\n                <div data-colibri-id=\"3247-c31\" class=\"h-x-container style-2510 style-local-3247-c31 position-relative h-element\">\n                  <!---->\n                  <div class=\"h-x-container-inner style-dynamic-3247-c31-group style-2510-spacing style-local-3247-c31-spacing\"><span class=\"h-button__outer style-2511-outer style-local-3247-c32-outer d-inline-flex h-element\"><a h-use-smooth-scroll=\"true\" href=\"https:\/\/letoilehotel.com\/en\/3227-2\/\"  data-colibri-id=\"3247-c32\" class=\"d-flex w-100 align-items-center h-button justify-content-lg-center justify-content-md-center justify-content-center style-2511 style-local-3247-c32 position-relative\"><!----><!----> <span>Children's Rights Policy<\/span><\/a>\n                    <\/span>\n                  <\/div>\n                <\/div>\n                <div data-colibri-id=\"3247-c33\" class=\"h-x-container style-2512 style-local-3247-c33 position-relative h-element\">\n                  <!---->\n                  <div class=\"h-x-container-inner style-dynamic-3247-c33-group style-2512-spacing style-local-3247-c33-spacing\"><span class=\"h-button__outer style-2513-outer style-local-3247-c34-outer d-inline-flex h-element\"><a h-use-smooth-scroll=\"true\" href=\"https:\/\/letoilehotel.com\/en\/3237-2\/\"  data-colibri-id=\"3247-c34\" class=\"d-flex w-100 align-items-center h-button justify-content-lg-center justify-content-md-center justify-content-center style-2513 style-local-3247-c34 position-relative\"><!----><!----> <span>Chemical Use<\/span><\/a>\n                    <\/span>\n                  <\/div>\n                <\/div>\n                <div data-colibri-id=\"3247-c35\" class=\"h-x-container style-2514 style-local-3247-c35 position-relative h-element\">\n                  <!---->\n                  <div class=\"h-x-container-inner style-dynamic-3247-c35-group style-2514-spacing style-local-3247-c35-spacing\"><span class=\"h-button__outer style-2515-outer style-local-3247-c36-outer d-inline-flex h-element\"><a h-use-smooth-scroll=\"true\" href=\"https:\/\/letoilehotel.com\/en\/3247-2\/\"  data-colibri-id=\"3247-c36\" class=\"d-flex w-100 align-items-center h-button justify-content-lg-center justify-content-md-center justify-content-center style-2515 style-local-3247-c36 position-relative\"><!----><!----> <span>Our Carbon Emission Policy<\/span><\/a>\n                    <\/span>\n                  <\/div>\n                <\/div>\n                <div data-colibri-id=\"3247-c37\" class=\"h-x-container style-2516 style-local-3247-c37 position-relative h-element\">\n                  <!---->\n                  <div class=\"h-x-container-inner style-dynamic-3247-c37-group style-2516-spacing style-local-3247-c37-spacing\"><span class=\"h-button__outer style-2517-outer style-local-3247-c38-outer d-inline-flex h-element\"><a h-use-smooth-scroll=\"true\" href=\"https:\/\/letoilehotel.com\/en\/3257-2\/\"  data-colibri-id=\"3247-c38\" class=\"d-flex w-100 align-items-center h-button justify-content-lg-center justify-content-md-center justify-content-center style-2517 style-local-3247-c38 position-relative\"><!----><!----> <span>Our Cookie Policy<\/span><\/a>\n                    <\/span>\n                  <\/div>\n                <\/div>\n                <div data-colibri-id=\"3247-c39\" class=\"h-x-container style-2518 style-local-3247-c39 position-relative h-element\">\n                  <!---->\n                  <div class=\"h-x-container-inner style-dynamic-3247-c39-group style-2518-spacing style-local-3247-c39-spacing\"><span class=\"h-button__outer style-2519-outer style-local-3247-c40-outer d-inline-flex h-element\"><a h-use-smooth-scroll=\"true\" href=\"https:\/\/letoilehotel.com\/en\/3267-2\/\"  data-colibri-id=\"3247-c40\" class=\"d-flex w-100 align-items-center h-button justify-content-lg-center justify-content-md-center justify-content-center style-2519 style-local-3247-c40 position-relative\"><!----><!----> <span>Marmaris Geographical Indications<\/span><\/a>\n                    <\/span>\n                  <\/div>\n                <\/div>\n              <\/div>\n            <\/div>\n          <\/div>\n          <div class=\"h-column h-column-container d-flex h-col-lg-auto h-col-md-auto h-col-auto style-2520-outer style-local-3247-c41-outer\">\n            <div data-colibri-id=\"3247-c41\" class=\"d-flex h-flex-basis h-column__inner h-px-lg-2 h-px-md-2 h-px-2 v-inner-lg-2 v-inner-md-2 v-inner-2 style-2520 style-local-3247-c41 position-relative\">\n              <!---->\n              <!---->\n              <div class=\"w-100 h-y-container h-column__content h-column__v-align flex-basis-100 align-self-lg-start align-self-md-start align-self-start\">\n                <!---->\n                <div data-colibri-id=\"3247-c42\" class=\"h-text h-text-component style-2710 style-local-3247-c42 position-relative h-element\">\n                  <!---->\n                  <!---->\n                  <div class=\"\">\n                    <p>The main sources of carbon emissions in our business are; electricity consumption, natural gas consumption, energy consumption used for recycling waste produced in the hotel, consumption of petroleum products in the vehicles and generators used in the hotel, and energy consumption used in cleaning. We make our purchases from nearby regions as much as possible. Thus, we aim to reduce the impact on the environment by minimizing the CO2 emissions of the delivery vehicles of the supplier companies.<\/p>\n                    <p>Our work to reduce our carbon footprint; We will take measures to do more with less energy. We will also pay attention to the energy efficiency class when purchasing a product. We will prefer energies that produce less carbon. We will make greener choices. We will contribute more to energy efficiency by offsetting our carbon. We aim to erase our carbon footprint with various activities, especially tree planting.<\/p>\n                  <\/div>\n                <\/div>\n              <\/div>\n            <\/div>\n          <\/div>\n        <\/div>\n      <\/div>\n    <\/div>\n  <\/div>\n  <div data-colibri-component=\"section\" data-colibri-id=\"3247-c43\" id=\"reusable-sections-3\" class=\"h-section h-section-global-spacing d-flex align-items-lg-center align-items-md-center align-items-center style-3049 style-local-3247-c43 position-relative\">\n    <!---->\n    <!---->\n    <div class=\"h-section-grid-container h-section-boxed-container\">\n      <!---->\n      <div data-colibri-id=\"3247-c44\" class=\"h-row-container gutters-row-lg-2 gutters-row-md-2 gutters-row-0 gutters-row-v-lg-2 gutters-row-v-md-2 gutters-row-v-2 style-3050 style-local-3247-c44 position-relative\">\n        <!---->\n        <div class=\"h-row justify-content-lg-start justify-content-md-start justify-content-start align-items-lg-stretch align-items-md-stretch align-items-stretch gutters-col-lg-2 gutters-col-md-2 gutters-col-0 gutters-col-v-lg-2 gutters-col-v-md-2 gutters-col-v-2\">\n          <!---->\n          <div class=\"h-column h-column-container d-flex h-col-lg-auto h-col-md-auto h-col-auto style-3051-outer style-local-3247-c45-outer\">\n            <div data-colibri-id=\"3247-c45\" class=\"d-flex h-flex-basis h-column__inner h-px-lg-2 h-px-md-2 h-px-2 v-inner-lg-2 v-inner-md-2 v-inner-2 style-3051 style-local-3247-c45 position-relative\">\n              <!---->\n              <!---->\n              <div class=\"w-100 h-y-container h-column__content h-column__v-align flex-basis-100 align-self-lg-start align-self-md-start align-self-start\">\n                <!---->\n                <div data-colibri-id=\"3247-c46\" class=\"h-x-container style-3052 style-local-3247-c46 position-relative h-element\">\n                  <!---->\n                  <div class=\"h-x-container-inner style-dynamic-3247-c46-group style-3052-spacing style-local-3247-c46-spacing\"><span class=\"h-link__outer style-3053-outer style-local-3247-c47-outer d-inline-flex h-element\"><a h-use-smooth-scroll=\"true\" href=\"https:\/\/esiventure.com.tr\/\"  data-colibri-id=\"3247-c47\" class=\"d-flex w-100 align-items-center h-link style-3053 style-local-3247-c47 position-relative\"><!----><!----> <span>2025 All Reserved.Esi Venture<\/span><\/a>\n                    <\/span>\n                  <\/div>\n                <\/div>\n              <\/div>\n            <\/div>\n          <\/div>\n          <div class=\"h-column h-column-container d-flex h-col-lg-auto h-col-md-auto h-col-auto style-3054-outer style-local-3247-c48-outer\">\n            <div data-colibri-id=\"3247-c48\" class=\"d-flex h-flex-basis h-column__inner h-px-lg-2 h-px-md-2 h-px-2 v-inner-lg-2 v-inner-md-2 v-inner-2 style-3054 style-local-3247-c48 position-relative\">\n              <!---->\n              <!---->\n              <div class=\"w-100 h-y-container h-column__content h-column__v-align flex-basis-100 align-self-lg-start align-self-md-start align-self-start\">\n                <!---->\n                <div data-colibri-id=\"3247-c49\" class=\"h-x-container style-3055 style-local-3247-c49 position-relative h-element\">\n                  <!---->\n                  <div class=\"h-x-container-inner style-dynamic-3247-c49-group style-3055-spacing style-local-3247-c49-spacing\"><span class=\"h-button__outer style-3056-outer style-local-3247-c50-outer d-inline-flex h-element\"><a h-use-smooth-scroll=\"true\" href=\"tel:+90-252-321-0930\"  data-colibri-id=\"3247-c50\" class=\"d-flex w-100 align-items-center h-button justify-content-lg-center justify-content-md-center justify-content-center style-3056 style-local-3247-c50 position-relative\"><!----><!----> <span>Information and Reservation : +90 252 321 09 30<\/span><\/a>\n                    <\/span>\n                  <\/div>\n                <\/div>\n              <\/div>\n            <\/div>\n          <\/div>\n        <\/div>\n      <\/div>\n    <\/div>\n  <\/div>\n<\/div>","protected":false},"excerpt":{"rendered":"<p>Karbon Sal\u0131n\u0131m Politikam\u0131z Misyon &amp; Vizyon S\u00fcrd\u00fcr\u00fclebilirlik politikas\u0131 \u00c7EVRE KORUMA VE ATIK Y\u00d6NET\u0130M\u0130 POL\u0130T\u0130KASI Enerji Verimlili\u011fi Politikas\u0131 S\u00dcRD\u00dcR\u00dcLEB\u0130L\u0130R SATIN ALMA POL\u0130T\u0130KASI GIDA G\u00dcVENL\u0130\u011e\u0130 POL\u0130T\u0130KASI SU Y\u00d6NET\u0130M\u0130 \u0130NSAN HAKLARI POL\u0130T\u0130KASI \u0130\u015e SA\u011eLI\u011eI VE G\u00dcVENL\u0130\u011e\u0130 POL\u0130T\u0130KASI SOSYAL SORUMLULUK POL\u0130T\u0130KASI SOSYAL SORUMLULUK PROJELER\u0130M\u0130Z \u00c7OCUK HAKLARI POL\u0130T\u0130KASI K\u0130MYASAL KULLANIMI KARBON SALINIM POL\u0130T\u0130KAMIZ \u00c7EVRE POL\u0130T\u0130KAMIZ MARMAR\u0130S CO\u011eRAF\u0130 \u0130\u015eARETLER \u0130\u015fletmemizde karbon [&hellip;]<\/p>","protected":false},"author":1,"featured_media":0,"parent":0,"menu_order":0,"comment_status":"closed","ping_status":"closed","template":"page-templates\/full-width-page.php","meta":{"footnotes":""},"class_list":["post-3247","page","type-page","status-publish","hentry"],"_links":{"self":[{"href":"https:\/\/letoilehotel.com\/en\/wp-json\/wp\/v2\/pages\/3247","targetHints":{"allow":["GET"]}}],"collection":[{"href":"https:\/\/letoilehotel.com\/en\/wp-json\/wp\/v2\/pages"}],"about":[{"href":"https:\/\/letoilehotel.com\/en\/wp-json\/wp\/v2\/types\/page"}],"author":[{"embeddable":true,"href":"https:\/\/letoilehotel.com\/en\/wp-json\/wp\/v2\/users\/1"}],"replies":[{"embeddable":true,"href":"https:\/\/letoilehotel.com\/en\/wp-json\/wp\/v2\/comments?post=3247"}],"version-history":[{"count":7,"href":"https:\/\/letoilehotel.com\/en\/wp-json\/wp\/v2\/pages\/3247\/revisions"}],"predecessor-version":[{"id":5731,"href":"https:\/\/letoilehotel.com\/en\/wp-json\/wp\/v2\/pages\/3247\/revisions\/5731"}],"wp:attachment":[{"href":"https:\/\/letoilehotel.com\/en\/wp-json\/wp\/v2\/media?parent=3247"}],"curies":[{"name":"wp","href":"https:\/\/api.w.org\/{rel}","templated":true}]}}